{"id":103,"date":"2014-12-01T09:58:57","date_gmt":"2014-12-01T09:58:57","guid":{"rendered":"http:\/\/database-designs.ch\/filemaker-dbd\/?page_id=103"},"modified":"2023-09-04T18:22:08","modified_gmt":"2023-09-04T16:22:08","slug":"agbs","status":"publish","type":"page","link":"https:\/\/www.database-designs.ch\/filemaker-wp\/agbs\/","title":{"rendered":"AGBs"},"content":{"rendered":"<div id=\"pl-103\"  class=\"panel-layout\" ><div id=\"pg-103-0\"  class=\"panel-grid panel-no-style\" ><div id=\"pgc-103-0-0\"  class=\"panel-grid-cell\" ><div id=\"panel-103-0-0-0\" class=\"so-panel widget widget_sow-features panel-first-child panel-last-child\" data-index=\"0\" ><div\n\t\t\t\n\t\t\tclass=\"so-widget-sow-features so-widget-sow-features-default-5e754ddcf1cf-103\"\n\t\t\t\n\t\t><ul\n\tclass=\"sow-features-list\n\tsow-features-responsive\">\n\n\t\t\t<li\n\t\t\tclass=\"sow-features-feature sow-icon-container-position-top\"\n\t\t\tstyle=\"display: flex; flex-direction: column; width: calc(33.333% - 25px);\"\n\t\t>\n\t\t\t\n\t\t\t\t\t\t<div\t\t\t\tclass=\"sow-icon-container sow-container-round\"\n\t\t\t\tstyle=\"color: #404040; \"\n\t\t\t\t\n\t\t\t\t\t\t\t>\n\t\t\t\t<span class=\"sow-icon-fontawesome sow-fas\" data-sow-icon=\"&#xf02d;\"\n\t\tstyle=\"font-size: 25px; color: #FFFFFF\" \n\t\taria-hidden=\"true\"><\/span>\t\t\t<\/div>\n\n\t\t\t<div class=\"textwidget\">\n\t\t\t\t\n\t\t\t\t\n\t\t\t\t\t\t\t<\/div>\n\t\t\t\t\t\t\t\t<\/li>\n\n\t<\/ul>\n<\/div><\/div><\/div><div id=\"pgc-103-0-1\"  class=\"panel-grid-cell\" ><div id=\"panel-103-0-1-0\" class=\"so-panel widget widget_text panel-first-child panel-last-child\" data-index=\"1\" ><h3 class=\"widget-title\">Gesch\u00e4ftsbedingungen:<\/h3>\t\t\t<div class=\"textwidget\">Es gelten die folgenden Stundenans\u00e4tze zuz\u00fcglich Mehrwertsteuer:<\/br>\n<\/br>\nFr. 1.20\/km Anfahrtsweg inkl. Zeitaufwand<\/br>\nFr. 180.-\/h Kundenspezifische Datenbankprogrammierung \"offene\" L\u00f6sungen. (*)<\/br>\nFr. 250.-\/h Know-How Transfer f\u00fcr Kunden\/Entwickler, welche L\u00f6sungen zum Eigenbedarf programmieren m\u00f6chten. (**)<\/br>\n<\/br>\n<strong>Offene L\u00f6sungen<\/strong><\/br>\nBei einer \"offenen\" L\u00f6sung hat der Kunde mit Hilfe des Hauptpasswortes die M\u00f6glichkeit, in die Programmierung einzugreifen, den Skript\/Quell-Code einzusehen und\/oder den Programmierer zu wechseln. Das Copyright verbleibt bei der Firma Database Designs (siehe AGBs). Die L\u00f6sung ist f\u00fcr den Eigengebrauch des Kunden bestimmt und darf nicht weitergegeben oder verkauft werden.<\/br>\n<\/br>\nGenerell ausgeschlossen von dieser Regelung sind Standardl\u00f6sungen welche nicht kundenspezifisch entwickelt wurden.<\/br>\n<\/br>\n<strong>Know-How Transfer<\/strong><\/br>\nBeim Know-How Transfer erwirbt sich der Kunde\/Entwickler das vollst\u00e4ndige Recht der L\u00f6sung\/Technologie und kann sie z.B. auch kommerziell einsetzen. Wir tragen punktuell unsere jahrezehntelange FileMaker Pro\u00ae Programmiererfahrung bei.<\/br>\n<\/br>\nIndividuelle Schulungen und Gruppen auf Anfrage.<\/br>\n<\/br>\n<strong>Kostenrahmen<\/strong><\/br>\nDer in der Offerte angegebene Kostenrahmen gilt als Richtlinie kalkuliert auf Stundenbasis, da FileMaker Pro\u00ae Datenbankprojekte durch die Einfachheit der Programmierung von Benutzerf\u00fchrungselementen\/Abl\u00e4ufen oftmals dazu tendieren, diverse Kundenw\u00fcnsche ausserhalb des eigentlichen Offertumfangs\/bzw. der offerierten Funktionalit\u00e4t zu implementieren.<\/br>\nDiese Regiestunden f\u00fcr W\u00fcnsche werden w\u00e4hrend des Projektes aufsummiert. Der Kunde erh\u00e4lt auf Wunsch einen Auszug der geleisteten Stunden, bzw. bei Erreichen des Projektendes auf Ende jedes Monats. Beim \u00dcberschreiten des gesch\u00e4tzten Kostenrahmens wird der Kunde ebenfalls \u00fcber den Stand der geleisteten Stunden informiert. Abgerechnet wird grunds\u00e4tzlich nach geleisteten Stunden.<\/br>\n<\/br>\n<strong>Rechnung\/Abnahme\/Zahlung<\/strong><\/br>\nRechnung: Je nach Umfang eines Projektes erfolgt die Rechnungsstellung sp\u00e4testens nach Inbetriebnahme der L\u00f6sung (Mit Inbetriebnahme ist aber nicht die eigentliche Abnahme gemeint). Bei gr\u00f6sseren Projekten erfolgt eine Zwischenrechnung auf Ende jedes Monats. Jeder Rechnung ist eine detaillierte Aufstellung der geleisteten Arbeiten beigelegt.<\/br>\nAbnahme: In der Praxis erfolgt die Abnahme in der Regel nie so, wie es die Juristen und EDV Versicherungen w\u00fcnschen (Checkliste, Unterschrift etc.) Die gelieferte L\u00f6sung gilt daher grunds\u00e4tzlich vier Wochen nach produktiver Inbetriebnahme als abgenommen (\"stille Abnahme\"). Dies impliziert, dass die Arbeiten auftragsgerecht ausgef\u00fchrt wurden und die Erfordernisse aus dem Pflichtenheft\/Offerte erf\u00fcllt sind.\nRecht auf Nachbesserung: Das Schweizer Gesetz sieht zwar generell ein Recht auf Nachbesserung vor. Database Designs bedingt sich hiermit ausdr\u00fccklich das Recht auf Nachbesserung bei M\u00e4ngeln etc. aus. Scheitert der dritte fristgerechte Nachbesserungsversuch, so hat der Kunde das Recht auf Wandlung bez\u00fcglich der geleisteten Arbeiten\/L\u00f6sung. Ausgeschlossen sind separate Soft- und Hardware Anschaffungen.\nZahlung: Die Zahlungen sind mit einer Frist von 30 Tagen nach Rechnungsstellung f\u00e4llig.<\/br>\n<\/br>\n<strong>Geheimhaltungspflicht<\/strong><\/br>\nDatabase Designs behandelt die ihr anvertrauten Kundendaten, Datentr\u00e4ger und Passw\u00f6rter (LAN etc.) vertraulich und macht diese keinen Dritten zug\u00e4nglich. Diese werden zusammen mit den Auftragsunterlagen archiviert - oder auf Wunsch zerst\u00f6rt. Zur Software Entwicklung ist es unumg\u00e4nglich, einzelne und zuf\u00e4llig ausgew\u00e4hlte Datens\u00e4tze genauer zu analysieren. Der Auftraggeber selbst ist dahingehend besorgt, dass durch das Auftragsverh\u00e4ltnis die Datenschutzverordnung (DSG 235ff, 1992) nicht verletzt wird. Mit dem Erhalt der Daten hat Database Designs das Recht die Daten zum Zweck der Software Entwicklung zu analysieren.<\/br>\n<\/br>\n<strong>Haftung \/ Gew\u00e4hrleistung<\/strong><\/br>\nEs ist leider aus technischen Gr\u00fcnden nicht m\u00f6glich, unter allen Bedingungen fehlerfreie Software herzustellen. Database Designs kann daher keine Haftung f\u00fcr Sch\u00e4den irgendeiner Art aus dem Gebrauch der gelieferten Software \u00fcbernehmen. Dies gilt auch dann, wenn Software oder Begleitmaterial Fehler enthalten. Erst recht kann keine Haftung \u00fcbernommen werden f\u00fcr Sch\u00e4den infolge Unfall, Missbrauch oder Falschanwendung der Software. Ausgeschlossen sind auch Fehler der Datenbank Software selbst (FileMaker Pro). Darunter fallen z.B. falsche Zahlenwerte \"die Software verrechnet sich\", Installationsprobleme auf den Ger\u00e4ten des Kunden. Diese sind durch den Lizenzvertrag der Firma FileMaker, Inc. geregelt.<\/br>\nAuf f\u00fcr garantierte Leistungen haftet Database Designs maximal nur bis zur H\u00f6he des Preises. Bei h\u00f6herer Gewalt, Todesfall und Katastrophen ist die Haftung ausgeschlossen.<\/br>\nDie Datenbanken von FileMaker Pro, bzw. dessen Dateien und Dateistrukturen unterliegen den Gesch\u00e4ftsbedingungen der Firma FileMaker Inc. Hierunter fallen insbesondere auch Datenbanken, die in Folge eines Systemabsturzes\/Festplattenproblems aus irgendwelchen Gr\u00fcnden z.B. besch\u00e4digt sind.<\/br>\n<\/br>\n<strong>Passw\u00f6rter\/Zugangscodes<\/strong><\/br>\nHandelt es sich bei der L\u00f6sung um eine individuell erstellte Datenbank, so erh\u00e4lt der Kunde mit der L\u00f6sung ebenfalls das Hauptpasswort zur Ver\u00e4nderung der Dateien. Die sichere Verwahrung ist Sache des Kunden. Mit dem Hauptpasswort k\u00f6nnen an der Datenbank strukturelle und funktionelle \u00c4nderungen vorgenommen werden. F\u00fcr alle \u00c4nderungen, die nicht durch Database Designs vorgenommen werden, bzw. die daraus resultierenden Folgen sind vor jeglicher Haftung ausgeschlossen.<\/br>\n<\/br>\n<strong>Nutzungsrecht der L\u00f6sung<\/strong><\/br>\nSofern nicht anders vereinbart, erh\u00e4lt der Kunde das zeitlich uneingeschr\u00e4nkte Nutzungsrecht f\u00fcr die erstellte L\u00f6sung. Die Anzahl der Benutzer wird in der Regel durch Database Designs nicht eingeschr\u00e4nkt - hingegen sind die Lizenzmodelle der Firma FileMaker Inc. zu beachten. Da die L\u00f6sungen meist individuell auf die Bed\u00fcrfnisse des Kunden programmiert werden, erh\u00e4lt der Kunde logischerweise auch das Recht, die erstellten Datenbanken im Rahmen dieser Anforderungen zu nutzen.<\/br>\n<\/br>\n<strong>Urheberrecht \/ Copyright<\/strong><\/br>\nSofern nicht anders vereinbart, verbleibt das Urheberrecht bei Database Designs, auch wenn die L\u00f6sung spezifisch im Auftrag f\u00fcr einen Kunden\/Anwendung programmiert wurde. Hierbei ist die eigentliche L\u00f6sung basierend auf dem Datenbank Programm FileMaker Pro\u00ae gemeint und nicht das Programm selbst, welches eigenen bzw. von diesen AGBs unabh\u00e4ngigen Lizenzbestimmungen unterliegt.<\/br>\nAuch Datenbanken sind schutzf\u00e4hig und gelten als Software. Gemeint sind hier aber nicht die Programme zur Erstellung und Verwaltung von Datenbanken wie FileMaker oder MS Access etc., sondern die Datenbanken selbst. Darunter versteht der Gesetzgeber \"jede Sammlung von Daten, die systematisch oder methodisch angeordnet und einzeln mit elektronischen Mitteln oder auf andere Weise zug\u00e4nglich sind\".<\/br>\n<\/br>\nEs ist ohne schriftliche Zustimmung\/Abmachung mit Database Designs nicht gestattet, die L\u00f6sung, Teile davon oder darauf basierende Weiterentwicklungen in irgend einer Form zu ver\u00e4ussern - sei dies gratis oder durch Verkauf.<\/br>\n<\/br>\nStand 1.1.2023<\/div>\n\t\t<\/div><\/div><\/div><\/div>","protected":false},"excerpt":{"rendered":"<p>Es gelten die folgenden Stundenans\u00e4tze zuz\u00fcglich Mehrwertsteuer: Fr. 1.20\/km Anfahrtsweg inkl. Zeitaufwand Fr. 180.-\/h Kundenspezifische Datenbankprogrammierung &#171;offene&#187; L\u00f6sungen. (*) Fr. 250.-\/h Know-How Transfer f\u00fcr Kunden\/Entwickler, welche L\u00f6sungen zum Eigenbedarf programmieren m\u00f6chten. (**) Offene L\u00f6sungen Bei einer &#171;offenen&#187; L\u00f6sung hat der Kunde mit Hilfe des Hauptpasswortes die M\u00f6glichkeit, in die Programmierung einzugreifen, den Skript\/Quell-Code einzusehen und\/oder [&hellip;]<\/p>\n","protected":false},"author":1,"featured_media":0,"parent":0,"menu_order":0,"comment_status":"closed","ping_status":"closed","template":"templates\/template-full.php","meta":{"footnotes":""},"class_list":["post-103","page","type-page","status-publish","hentry"],"_links":{"self":[{"href":"https:\/\/www.database-designs.ch\/filemaker-wp\/wp-json\/wp\/v2\/pages\/103","targetHints":{"allow":["GET"]}}],"collection":[{"href":"https:\/\/www.database-designs.ch\/filemaker-wp\/wp-json\/wp\/v2\/pages"}],"about":[{"href":"https:\/\/www.database-designs.ch\/filemaker-wp\/wp-json\/wp\/v2\/types\/page"}],"author":[{"embeddable":true,"href":"https:\/\/www.database-designs.ch\/filemaker-wp\/wp-json\/wp\/v2\/users\/1"}],"replies":[{"embeddable":true,"href":"https:\/\/www.database-designs.ch\/filemaker-wp\/wp-json\/wp\/v2\/comments?post=103"}],"version-history":[{"count":20,"href":"https:\/\/www.database-designs.ch\/filemaker-wp\/wp-json\/wp\/v2\/pages\/103\/revisions"}],"predecessor-version":[{"id":1075,"href":"https:\/\/www.database-designs.ch\/filemaker-wp\/wp-json\/wp\/v2\/pages\/103\/revisions\/1075"}],"wp:attachment":[{"href":"https:\/\/www.database-designs.ch\/filemaker-wp\/wp-json\/wp\/v2\/media?parent=103"}],"curies":[{"name":"wp","href":"https:\/\/api.w.org\/{rel}","templated":true}]}}