{"id":1071,"date":"2023-09-04T18:23:19","date_gmt":"2023-09-04T16:23:19","guid":{"rendered":"https:\/\/www.database-designs.ch\/filemaker-wp\/?page_id=1071"},"modified":"2023-09-04T18:38:29","modified_gmt":"2023-09-04T16:38:29","slug":"datenschutzerklaerung","status":"publish","type":"page","link":"https:\/\/www.database-designs.ch\/filemaker-wp\/datenschutzerklaerung\/","title":{"rendered":"Datenschutzerkl\u00e4rung"},"content":{"rendered":"<div id=\"pl-1071\"  class=\"panel-layout\" ><div id=\"pg-1071-0\"  class=\"panel-grid panel-no-style\" ><div id=\"pgc-1071-0-0\"  class=\"panel-grid-cell\" ><div id=\"panel-1071-0-0-0\" class=\"so-panel widget widget_sow-features panel-first-child panel-last-child\" data-index=\"0\" ><div\n\t\t\t\n\t\t\tclass=\"so-widget-sow-features so-widget-sow-features-default-5e754ddcf1cf-1071\"\n\t\t\t\n\t\t><ul\n\tclass=\"sow-features-list\n\tsow-features-responsive\">\n\n\t\t\t<li\n\t\t\tclass=\"sow-features-feature sow-icon-container-position-top\"\n\t\t\tstyle=\"display: flex; flex-direction: column; width: calc(33.333% - 25px);\"\n\t\t>\n\t\t\t\n\t\t\t\t\t\t<div\t\t\t\tclass=\"sow-icon-container sow-container-round\"\n\t\t\t\tstyle=\"color: #404040; \"\n\t\t\t\t\n\t\t\t\t\t\t\t>\n\t\t\t\t<span class=\"sow-icon-fontawesome sow-fas\" data-sow-icon=\"&#xf02d;\"\n\t\tstyle=\"font-size: 25px; color: #FFFFFF\" \n\t\taria-hidden=\"true\"><\/span>\t\t\t<\/div>\n\n\t\t\t<div class=\"textwidget\">\n\t\t\t\t\n\t\t\t\t\n\t\t\t\t\t\t\t<\/div>\n\t\t\t\t\t\t\t\t<\/li>\n\n\t<\/ul>\n<\/div><\/div><\/div><div id=\"pgc-1071-0-1\"  class=\"panel-grid-cell\" ><div id=\"panel-1071-0-1-0\" class=\"so-panel widget widget_sow-editor panel-first-child panel-last-child\" data-index=\"1\" ><div\n\t\t\t\n\t\t\tclass=\"so-widget-sow-editor so-widget-sow-editor-base\"\n\t\t\t\n\t\t><h3 class=\"widget-title\">Datenschutzerkl\u00e4rung<\/h3>\n<div class=\"siteorigin-widget-tinymce textwidget\">\n\t<p>Database Designs legt als \"Datenbank\"-Dienstleister grossen Wert auf den Datenschutz und Datensicherheit.<span class=\"Apple-converted-space\">\u00a0<\/span><\/p>\n<p>Dies gilt f\u00fcr beide Einzelfirmen:<\/p>\n<p>Database Designs Alexis Gehrt \/ Laax<\/p>\n<p>Database Designs Brigitta Hausherr \/ St. Gallen<\/p>\n<p>Nachfolgend in der \"wir\" Form verwendet.<span class=\"Apple-converted-space\">\u00a0<\/span><\/p>\n<p>Diese Datenschutzerkl\u00e4rung beschreibt, wie wir Personendaten (nachfolgend zumeist nur \u201eDaten\u201c genannt) erheben und bearbeiten, wenn Sie die von uns betriebene Website besuchen oder unsere Dienstleistungen nutzen.<\/p>\n<p>Mit der nachfolgenden Erkl\u00e4rung informieren wir Sie insbesondere \u00fcber Art, Umfang, Zweck, Dauer und Rechtsgrundlage der Verarbeitung personenbezogener Daten, soweit wir entweder allein oder gemeinsam mit anderen \u00fcber die Zwecke und Mittel der Verarbeitung entscheiden. Zudem informieren wir Sie nachfolgend \u00fcber die von uns zu Optimierungszwecken sowie zur Steigerung der Nutzungsqualit\u00e4t eingesetzten Fremdkomponenten, soweit hierdurch Dritte Daten in wiederum eigener Verantwortung verarbeiten.<\/p>\n<p>Verantwortlicher Anbieter dieses Internetauftritts im datenschutzrechtlichen Sinne ist:<\/p>\n<p>Database Designs Alexis Gehrt<\/p>\n<p>Via Cuolm Liung 15b<\/p>\n<p>7032 Laax GR2<\/p>\n<p>Schweiz<\/p>\n<p>Telefon: +41 79 432 59 19<\/p>\n<p>eMail: alexis@database-designs.ch<\/p>\n<p>Datenschutzbeauftragte\/r beim Anbieter ist: Alexis Gehrt<\/p>\n<p>Wenn Sie Fragen zum Datenschutz bei Database Designs haben oder Ihre Betroffenenrechte nach geltendem Datenschutzrecht wahrnehmen m\u00f6chten, k\u00f6nnen Sie uns unter alexis@database-designs.ch kontaktieren.<\/p>\n<p>1. Erhebung und Bearbeitung von Personendaten<\/p>\n<p>Das Datenschutz-Gesetzt gilt insbesondere f\u00fcr bestimmbare nat\u00fcrlichen Person (\u00abPersonendaten\u00bb). Daten von angestellten Personen von Firmen, die in Folge eines Auftragsverh\u00e4ltnisses mit Database Designs in Verbindung stehen, fallen nicht unter diese \u00abPersonendaten\u00bb.<\/p>\n<p>Nachfolgend beschreiben wir die Daten, die wir erheben und bearbeiten, um einerseits die Website und andererseits unsere Dienstleistungen erbringen zu k\u00f6nnen.<\/p>\n<p>WebSite:<\/p>\n<p>Im Rahmen Ihres Besuchs auf unserer Webseite werden die nachfolgenden Daten (\u00abProtokolldaten\u00bb) erhoben:<\/p>\n<ul>\n<li>IP-Adresse und Referrer URL (die zuvor besuchte Webseite)<\/li>\n<li>Verwendete Browserversion und Browsertyp<\/li>\n<li>Datum &amp; Uhrzeit des Besuchs bzw. der Anfrage<\/li>\n<li>Das \u00fcbertragende Datenvolumen<\/li>\n<li>Benachrichtigung, ob der Abruf erfolgreich war<\/li>\n<li>Betriebssystem und Provider<\/li>\n<li>Server-Log-Dateien<\/li>\n<\/ul>\n<p>Die Verarbeitung der Protokolldaten erfolgt in anonymer Form, ohne Verbindung zu anderen Daten, die eine Identifizierung des jeweiligen Besuchers erm\u00f6glichen oder zur Erstellung eines Profils dienen k\u00f6nnten. Die Protokolldaten werden lediglich f\u00fcr statistische Auswertungen zum Zweck des Betriebs, der Sicherheit und der Optimierung unserer Website verwendet.<\/p>\n<p>Ihre bei der Nutzung unseres Internetauftritts verarbeiteten Daten werden gel\u00f6scht, sobald der Zweck der Speicherung entf\u00e4llt, der L\u00f6schung der Daten keine gesetzlichen Aufbewahrungspflichten entgegenstehen und nachfolgend keine anderslautenden Angaben zu einzelnen Verarbeitungsverfahren gemacht werden.<\/p>\n<p>Ihre im Rahmen der Aktivit\u00e4ten auf der Webseite erhobenen Personendaten werden auf Servern von folgendem Anbieter gespeichert:<\/p>\n<p>https:\/\/www.metanet.ch\/<\/p>\n<p>METANET AG<br \/>\nJosefstrasse 218<br \/>\nCH-8005 Z\u00fcrich<\/p>\n<p>Die Server befinden sind in der Schweiz und werden gegen unberechtigte Fremdzugriffe so gut als m\u00f6glich abgeschirmt. Backups werden t\u00e4glich erstellt.<span class=\"Apple-converted-space\">\u00a0<\/span><\/p>\n<p><a href=\"https:\/\/www.metanet.ch\/de\/ueber-metanet\/datenschutzerklaerung\">https:\/\/www.metanet.ch\/de\/ueber-metanet\/datenschutzerklaerung<\/a><\/p>\n<p>2. Hinweis zur Verwendung von Cookies<\/p>\n<p>Wir verwenden Cookies, Tags und \u00e4hnliche Technologien auf der Website, um Ihnen die bestm\u00f6gliche Benutzererfahrung zu bieten und um uns bei der Verbesserung der Website zu helfen. Cookies sind Textdateien, die auf Ihren Computer oder Ihr Mobilger\u00e4t heruntergeladen werden, wenn Sie eine Website besuchen oder eine App verwenden.<\/p>\n<p>Einige der von uns verwendeten Cookies sind notwendig, um bestimmte Funktionen der Website verf\u00fcgbar zu machen. Sie k\u00f6nnen Ihre Pr\u00e4ferenzen in Ihrem Browser einstellen.<\/p>\n<p>Google Maps<\/p>\n<p>In unserem Internetauftritt setzen wir Google Maps zur Darstellung unseres Standorts sowie zur Erstellung einer Anfahrtsbeschreibung ein. Es handelt sich hierbei um einen Dienst der Google LLC, 1600 Amphitheatre Parkway, Mountain View, CA 94043 USA, nachfolgend nur \u201eGoogle\u201c genannt.<\/p>\n<p>Durch die Zertifizierung nach dem EU-US-Datenschutzschild (\u201eEU-US Privacy Shield\u201c)<\/p>\n<p>https:\/\/www.privacyshield.gov\/participant?id=a2zt000000001L5AAI&status=Active<\/p>\n<p>garantiert Google, dass die Datenschutzvorgaben auch bei der Verarbeitung von Daten in den USA eingehalten werden.<\/p>\n<p>Um die Darstellung bestimmter Schriften in unserem Internetauftritt zu erm\u00f6glichen, wird beim Aufruf unseres Internetauftritts eine Verbindung zu dem Google-Server in den USA aufgebaut.<\/p>\n<p>Sofern Sie die in unseren Internetauftritt eingebundene Komponente Google Maps aufrufen, speichert Google \u00fcber Ihren Internet-Browser ein Cookie auf Ihrem Endger\u00e4t. Um unseren Standort anzuzeigen und eine Anfahrtsbeschreibung zu erstellen, werden Ihre Nutzereinstellungen und Daten verarbeitet. Hierbei k\u00f6nnen wir nicht ausschlie\u00dfen, dass Google Server in den USA einsetzt.<\/p>\n<p>Rechtsgrundlage ist Art. 6 Abs. 1 lit. f) DSGVO EU. Unser berechtigtes Interesse liegt in der Optimierung der Funktionalit\u00e4t unseres Internetauftritts.<\/p>\n<p>Durch die so hergestellte Verbindung zu Google kann Google ermitteln, von welcher Website Ihre Anfrage gesendet worden ist und an welche IP-Adresse die Anfahrtsbeschreibung zu \u00fcbermitteln ist.<\/p>\n<p>Sofern Sie mit dieser Verarbeitung nicht einverstanden sind, haben Sie die M\u00f6glichkeit, die Installation der Cookies durch die entsprechenden Einstellungen in Ihrem Internet-Browser zu verhindern.<span class=\"Apple-converted-space\">\u00a0<\/span><\/p>\n<p>3. Zweck und Rechtsgrundlagen<\/p>\n<p>Wir erheben und bearbeiten Ihre Personendaten, um Sie \u00fcber unser Leistungsangebot zu informieren und um Ihnen bzw. dem von Ihnen vertretenen Unternehmen oder der von Ihnen vertretenen Organisation unsere Diensteistungen zu erbringen. Dies umfasst die folgenden Zwecke:<\/p>\n<p>\u00b7\u00a0\u00a0\u00a0\u00a0\u00a0\u00a0 Bereitstellen der Website<\/p>\n<p>\u00b7\u00a0\u00a0\u00a0\u00a0\u00a0\u00a0 Beantwortung Ihrer Anfragen<\/p>\n<p>\u00b7\u00a0\u00a0\u00a0\u00a0\u00a0\u00a0 Bereitstellung der Dienstleistungen<\/p>\n<p>Database Designs hat ein berechtigtes Interesse an dieser Bearbeitung Ihrer Personendaten in \u00dcbereinstimmung mit den verfolgten Zwecken. Die Datenbearbeitung ist in der Regel auch erforderlich, damit wir unsere vertraglichen Verpflichtungen Ihnen gegen\u00fcber oder unsere vertraglichen Verpflichtungen gegen\u00fcber Ihrem Unternehmen oder Ihrer Organisation erf\u00fcllen k\u00f6nnen (woran wir ein berechtigtes Interesse haben).<\/p>\n<p>Wir bearbeiten Ihre Personendaten (und bestimmte nicht identifizierbare technische Daten) auch f\u00fcr die folgenden Zwecke. Wir haben ein berechtigtes Interesse an der Bearbeitung Ihrer Personendaten in \u00dcbereinstimmung mit diesen Zwecken:<\/p>\n<ul>\n<li>Analyse und Verbesserung der Nutzung der Website<\/li>\n<li>Zusendung von Informationen \u00fcber neue Entwicklungen bei Database Designs &amp; Claris FileMaker Produkten oder neuen<span class=\"Apple-converted-space\">\u00a0<\/span><\/li>\n<li>Dienstleistungen oder Angebote (wobei Sie uns jederzeit mitteilen k\u00f6nnen, dass Sie auf den Erhalt solcher Informationen verzichten m\u00f6chten)<\/li>\n<li>Durchf\u00fchrung von Veranstaltungen<\/li>\n<li>Schutz vor missbr\u00e4uchlicher Nutzung unserer Kontaktformulare<\/li>\n<li>Erf\u00fcllung gesetzlicher Pflichten<\/li>\n<li>Durchsetzung von Rechtsanspr\u00fcchen<\/li>\n<\/ul>\n<p>Die Rechtsgrundlage f\u00fcr die in dieser Datenschutzerkl\u00e4rung beschriebene Bearbeitung von Personendaten ist daher in erster Linie unser berechtigtes Interesse an der Verfolgung der beschriebenen Zwecke, unser berechtigtes Interesse an der Erf\u00fcllung unserer vertraglichen Verpflichtungen gegen\u00fcber Ihrem Unternehmen oder Ihrer Organisation oder die Notwendigkeit, unsere vertraglichen Verpflichtungen Ihnen gegen\u00fcber zu erf\u00fcllen. Dar\u00fcber hinaus f\u00fchren wir einige Datenbearbeitungen durch, um unseren gesetzlichen Pflichten (z. B. Aufbewahrungspflichten) nachzukommen.<\/p>\n<p>Speichern wir Daten aufgrund einer Vertragsbeziehung mit Ihnen, bleiben diese Daten mindestens so lange gespeichert wie die Vertragsbeziehung besteht und l\u00e4ngstens so lange Verj\u00e4hrungsfristen f\u00fcr m\u00f6gliche Anspr\u00fcche von uns laufen oder gesetzliche oder vertragliche Aufbewahrungspflichten bestehen. In der Regel betr\u00e4gt die Aufbewahrungsdauer nicht mehr als 10 Jahre (gerechnet ab Beendigung der vertraglichen oder faktischen Beziehung zu Ihnen).<\/p>\n<p>Ausgenommen hiervon sind unsere Dienstleistungspartner, die wir zur Abwicklung des Vertragsverh\u00e4ltnisses ben\u00f6tigen (z.B. Finanzinstitute zur Abwicklung von Zahlungen, die Post, Kurierdienste oder Speditionen zum Versand von Produkten etc.). In diesen F\u00e4llen beachten wir strikt die Vorgaben der anwendbaren Datenschutzgesetze. Der Umfang der Daten\u00fcbermittlung beschr\u00e4nkt sich auf ein Mindestmass.<\/p>\n<p>Wir k\u00f6nnen Sie separat um Ihre Einwilligung in die Bearbeitung Ihrer Personendaten f\u00fcr bestimmte Zwecke bitten (z. B. um die Weitergabe Ihrer Personendaten an einen Dritten) f\u00fcr die eigenen Zwecke des Dritten, die mit den urspr\u00fcnglichen Zwecken vereinbar sind. Bitte informieren Sie sich in den Datenschutzrichtlinien des jeweiligen Dritten \u00fcber dessen weitere Bearbeitung Ihrer Personendaten.<\/p>\n<p>Wenn Sie uns eine Einwilligung erteilen, bearbeiten wir Ihre Personendaten nur in dem Umfang und soweit gest\u00fctzt auf diese Einwilligung, als daf\u00fcr keine andere geeignete oder oben genannte Rechtsgrundlage besteht und nur soweit wir f\u00fcr die entsprechende Datenbearbeitung eine Rechtsgrundlage bzw. Rechtfertigung brauchen. Sie haben das Recht, erteilte Einwilligungen zu widerrufen. Der Widerruf hat keine Auswirkung auf die Rechtm\u00e4ssigkeit bereits erfolgter Datenbearbeitungen.<\/p>\n<p>4. Datensicherheit<\/p>\n<p>Im Interesse der Integrit\u00e4t und der Vertraulichkeit der Personendaten treffen wir angemessene technische und organisatorische Massnahmen. Wir implementieren entsprechend unserer Risikobeurteilung insbesondere Zugangskontrollen, Zugriffskontrollen sowie Verfahren zur regelm\u00e4ssigen \u00dcberpr\u00fcfung, Bewertung und Evaluierung der Wirksamkeit der Massnahmen.<\/p>\n<p>5. Dauer der Datenbearbeitung<\/p>\n<p>Wir speichern Ihre Personendaten nur in dem Umfang und so lange, wie dies f\u00fcr die Erf\u00fcllung der in dieser Datenschutzerkl\u00e4rung beschriebenen Zwecke notwendig ist, wir an der Aufbewahrung ein berechtigtes Interesse haben oder dazu gesetzlich verpflichtet sind.<\/p>\n<p>6. Ort der Datenbearbeitung<\/p>\n<p>Wir speichern und bearbeiten Ihre Personendaten in der Schweiz. Um einige der in dieser Datenschutzerkl\u00e4rung beschriebenen Zwecke zu erreichen, kann es jedoch auch erforderlich sein, dass wir Ihre personenbezogenen Daten in der EU oder aber in L\u00e4ndern ausserhalb der Schweiz und der EU bearbeiten oder sie in solche L\u00e4nder \u00fcbermitteln.<\/p>\n<p>Wir \u00fcbermitteln Daten in L\u00e4nder ohne angemessenen Datenschutz auf der Grundlage von Standardvertragsklauseln oder gesetzlichen Ausnahmen (Notwendigkeit zur Erf\u00fcllung unserer vertraglichen Verpflichtungen).<\/p>\n<p>7. Auftragsdatenbearbeitungsvertrag<\/p>\n<p>Database Designs steht in der Regel im Auftragsverh\u00e4ltnis mit dem Kunden und ist mit der Programmierung des FileMaker Datenbank Systems, Business-Logik, Skripte betraut. F\u00fcr diese Arbeiten wird vom Kunden ein Auftragsdatenbearbeitungsvertrag ausgearbeitet\/vorgelegt. Die betroffenen Personendaten nur sind auf Servern des Kunden gespeichert. Sollten im Rahmen der Arbeiten Personendaten auf unseren lokalen Rechner geladen werden m\u00fcssen, so gilt grunds\u00e4tzlich die Sorgfaltspflicht gem\u00e4ss des Datenschutzgesetzes. Die Daten werden nach Beendigung der Programmierarbeiten gel\u00f6scht.<\/p>\n<p>8. Weitergabe Ihrer Personendaten an Dritte<\/p>\n<p>Soweit es f\u00fcr die Bereitstellung der Website und unserer Dienstleistungen oder zur Verfolgung der hier beschriebenen berechtigten Interessen erforderlich ist, geben wir Ihre Personendaten an die folgenden Kategorien von Empf\u00e4ngern weiter:<\/p>\n<ul>\n<li>Externe Dienstleister,<\/li>\n<li>Ggf. Lieferanten oder weitere Gesch\u00e4ftspartner, mit denen wir die Bearbeitung Ihrer Anfrage koordinieren m\u00fcssen,<\/li>\n<li>Falls erforderlich, Beh\u00f6rden und Gerichte.<\/li>\n<\/ul>\n<p>Solche Empf\u00e4nger haben ihren Sitz in der Regel in der Schweiz oder in einem EU- oder EWR-Mitgliedstaat. Wenn wir Ihre Personendaten an Empf\u00e4nger in L\u00e4ndern ohne angemessenen Datenschutzstandard weitergeben m\u00fcssen, tun wir dies auf der Grundlage geeigneter Garantien oder anderweitig in \u00dcbereinstimmung mit den geltenden gesetzlichen Bestimmungen zur internationalen \u00dcbermittlung von Personendaten.<\/p>\n<p>Sofern nicht ausdr\u00fccklich anders vereinbart, erfolgt die elektronische email Kommunikation \u00fcber verschl\u00fcsselte Verbindungen (SSL). Die Verwendung von E-Mails ist technisch jedoch nicht sicher und es kann vorkommen, dass E-Mails nicht zugestellt werden oder unverschl\u00fcsselt beim Hoster auf dem Server liegen. Bei der \u00dcbermittlung von E-Mails k\u00f6nnen diese ohne das Wissen der Betroffenen die Landesgrenzen verlassen, auch wenn beide - der Absender und Empf\u00e4nger in der Schweiz sind. Die Vertraulichkeit von E-Mails kann bei fehlender oder ungen\u00fcgender Verschl\u00fcsselung nicht gew\u00e4hrleistet werden. Dementsprechend bem\u00fchen wir uns, den Umfang von Personendaten im E-Mailverkehr zu minimieren.<\/p>\n<p>9. Ihre Rechte in Bezug auf Ihre pers\u00f6nlichen Daten<\/p>\n<p>Sie haben die folgenden Rechte in Bezug auf unsere Bearbeitung von Personendaten, die Sie betreffen:<\/p>\n<ul>\n<li>Das Recht, Auskunft zu den von uns \u00fcber Sie bearbeiteten Personendaten zu erhalten<\/li>\n<li>Das Recht, eine Kopie Ihrer Personendaten zu erhalten<\/li>\n<li>Das Recht, Ihre Personendaten zu berichtigen<\/li>\n<li>Das Recht auf L\u00f6schung Ihrer Personendaten<\/li>\n<li>Das Recht, der Bearbeitung Ihrer Personendaten zu widersprechen.<\/li>\n<\/ul>\n<p>Bei einem L\u00f6schungsantrag werden wir Ihr Profil sperren und blockieren. Bitte beachten Sie jedoch, dass wir handels- und steuerrechtlich verpflichtet sind, Buchungsbelege w\u00e4hrend mindestens 10 Gesch\u00e4ftsjahren aufzubewahren. Die in diesen Belegen enthaltenen Personendaten k\u00f6nnen wir daher weder l\u00f6schen noch bearbeiten. Ihr Widerrufs- bzw. L\u00f6schantrag gilt in diesem Umfang daher lediglich f\u00fcr die k\u00fcnftige Bearbeitung und lediglich f\u00fcr Personendaten, welche wir nicht aufgrund einer gesetzlichen Rechtfertigungsgrundlage bearbeiten, sondern ausschliesslich aufgrund Ihrer Einwilligung.<\/p>\n<p>Sofern zum Zeitpunkt des Eingangs Ihres Widerrufs und L\u00f6schantrags noch eine vertragliche Beziehung h\u00e4ngig ist, werden Ihre Personendaten bis zur vollst\u00e4ndigen Vertragsabwicklung weiterbearbeitet. Ihr datenschutzrechtlicher Widerruf hat ausdr\u00fccklich keinen Einfluss auf die Abwicklung bestehender Vertragsbeziehungen und gilt nicht als ausserordentlicher Beendigungsgrund.<\/p>\n<p>11. \u00c4nderungen dieser Datenschutzerkl\u00e4rung<\/p>\n<p>Wir behalten uns das Recht vor, diese Datenschutzerkl\u00e4rung jederzeit zu \u00e4ndern. Es gilt die jeweils auf unserer Website bereitgestellte Version.<\/p>\n<p>Zuletzt aktualisiert: 3. September 2023<\/p>\n<\/div>\n<\/div><\/div><\/div><\/div><\/div>","protected":false},"excerpt":{"rendered":"<p>Database Designs legt als &#171;Datenbank&#187;-Dienstleister grossen Wert auf den Datenschutz und Datensicherheit.\u00a0 Dies gilt f\u00fcr beide Einzelfirmen: Database Designs Alexis Gehrt \/ Laax Database Designs Brigitta Hausherr \/ St. Gallen Nachfolgend in der &#171;wir&#187; Form verwendet.\u00a0 Diese Datenschutzerkl\u00e4rung beschreibt, wie wir Personendaten (nachfolgend zumeist nur \u201eDaten\u201c genannt) erheben und bearbeiten, wenn Sie die von uns [&hellip;]<\/p>\n","protected":false},"author":1,"featured_media":0,"parent":0,"menu_order":0,"comment_status":"closed","ping_status":"closed","template":"templates\/template-full.php","meta":{"footnotes":""},"class_list":["post-1071","page","type-page","status-publish","hentry"],"_links":{"self":[{"href":"https:\/\/www.database-designs.ch\/filemaker-wp\/wp-json\/wp\/v2\/pages\/1071","targetHints":{"allow":["GET"]}}],"collection":[{"href":"https:\/\/www.database-designs.ch\/filemaker-wp\/wp-json\/wp\/v2\/pages"}],"about":[{"href":"https:\/\/www.database-designs.ch\/filemaker-wp\/wp-json\/wp\/v2\/types\/page"}],"author":[{"embeddable":true,"href":"https:\/\/www.database-designs.ch\/filemaker-wp\/wp-json\/wp\/v2\/users\/1"}],"replies":[{"embeddable":true,"href":"https:\/\/www.database-designs.ch\/filemaker-wp\/wp-json\/wp\/v2\/comments?post=1071"}],"version-history":[{"count":9,"href":"https:\/\/www.database-designs.ch\/filemaker-wp\/wp-json\/wp\/v2\/pages\/1071\/revisions"}],"predecessor-version":[{"id":1089,"href":"https:\/\/www.database-designs.ch\/filemaker-wp\/wp-json\/wp\/v2\/pages\/1071\/revisions\/1089"}],"wp:attachment":[{"href":"https:\/\/www.database-designs.ch\/filemaker-wp\/wp-json\/wp\/v2\/media?parent=1071"}],"curies":[{"name":"wp","href":"https:\/\/api.w.org\/{rel}","templated":true}]}}