{"id":12,"date":"2014-10-08T06:01:27","date_gmt":"2014-10-08T06:01:27","guid":{"rendered":"http:\/\/database-designs.ch\/filemaker-dbd\/?page_id=12"},"modified":"2017-10-16T08:16:55","modified_gmt":"2017-10-16T06:16:55","slug":"consider","status":"publish","type":"page","link":"https:\/\/www.database-designs.ch\/filemaker-wp\/consider\/","title":{"rendered":"Warum die FileMaker Plattform?"},"content":{"rendered":"<div id=\"pl-12\"  class=\"panel-layout\" ><div id=\"pg-12-0\"  class=\"panel-grid panel-no-style\" ><div id=\"pgc-12-0-0\"  class=\"panel-grid-cell\" ><div id=\"panel-12-0-0-0\" class=\"so-panel widget widget_sow-features panel-first-child panel-last-child\" data-index=\"0\" ><div\n\t\t\t\n\t\t\tclass=\"so-widget-sow-features so-widget-sow-features-default-5e754ddcf1cf-12\"\n\t\t\t\n\t\t><ul\n\tclass=\"sow-features-list\n\tsow-features-responsive\">\n\n\t\t\t<li\n\t\t\tclass=\"sow-features-feature sow-icon-container-position-top\"\n\t\t\tstyle=\"display: flex; flex-direction: column; width: calc(33.333% - 25px);\"\n\t\t>\n\t\t\t\n\t\t\t\t\t\t<div\t\t\t\tclass=\"sow-icon-container sow-container-round\"\n\t\t\t\tstyle=\"color: #404040; \"\n\t\t\t\t\n\t\t\t\t\t\t\t>\n\t\t\t\t<span class=\"sow-icon-fontawesome sow-fas\" data-sow-icon=\"&#xf07c;\"\n\t\tstyle=\"font-size: 25px; color: #FFFFFF\" \n\t\taria-hidden=\"true\"><\/span>\t\t\t<\/div>\n\n\t\t\t<div class=\"textwidget\">\n\t\t\t\t\n\t\t\t\t\n\t\t\t\t\t\t\t<\/div>\n\t\t\t\t\t\t\t\t<\/li>\n\n\t<\/ul>\n<\/div><\/div><\/div><div id=\"pgc-12-0-1\"  class=\"panel-grid-cell\" ><div id=\"panel-12-0-1-0\" class=\"so-panel widget widget_text panel-first-child panel-last-child\" data-index=\"1\" ><h3 class=\"widget-title\">\u00dcberlegungen bei der Evaluation einer Business-Software* f\u00fcr einen KMU Betrieb.<\/h3>\t\t\t<div class=\"textwidget\">* ERP \/ Branchenl\u00f6sung \/ OrderProcessing-System etc.<\/br>\n<\/br>\n<strong>Grunds\u00e4tzliches zu den L\u00f6sungen:<\/strong><\/br>\nAlle L\u00f6sungen sind IMMER auf einer Datenbank aufgebaut - egal, wie die Datenbank heisst.<\/br> \nDie Unterschiede liegen einerseits sicherlich im Anschaffungspreis\/Leistung - andererseits m\u00fcssen aber auch die Kosten f\u00fcr den Betrieb (wiederkehrende Lizenzgeb\u00fchren) und Schulung ber\u00fccksichtigt werden.<\/br>\n<\/br>\n<strong>Die FileMaker Pro\u00ae Plattform<\/strong><\/br>\nNormalerweise sollten Sie sich als Kunde nicht grosse Gedanken machen m\u00fcssen, auf welche Plattform Sie setzen. Es scheint uns jedoch wichtig hervorzuheben, dass Sie wissen, das die FileMaker Pro\u00ae Produktfamilie die Apple\u00ae Macintosh, Windows\u00ae Betriebssysteme und iOS Ger\u00e4te wie iPhone und iPad verf\u00fcgbar ist.<\/div>\n\t\t<\/div><\/div><\/div><div id=\"pg-12-1\"  class=\"panel-grid panel-no-style\" ><div id=\"pgc-12-1-0\"  class=\"panel-grid-cell\" ><div id=\"panel-12-1-0-0\" class=\"so-panel widget widget_sow-features panel-first-child panel-last-child\" data-index=\"2\" ><div\n\t\t\t\n\t\t\tclass=\"so-widget-sow-features so-widget-sow-features-default-5e754ddcf1cf-12\"\n\t\t\t\n\t\t><ul\n\tclass=\"sow-features-list\n\tsow-features-responsive\">\n\n\t\t\t<li\n\t\t\tclass=\"sow-features-feature sow-icon-container-position-top\"\n\t\t\tstyle=\"display: flex; flex-direction: column; width: calc(33.333% - 25px);\"\n\t\t>\n\t\t\t\n\t\t\t\t\t\t<div\t\t\t\tclass=\"sow-icon-container sow-container-round\"\n\t\t\t\tstyle=\"color: #404040; \"\n\t\t\t\t\n\t\t\t\t\t\t\t>\n\t\t\t\t<span class=\"sow-icon-fontawesome sow-fas\" data-sow-icon=\"&#xf0a9;\"\n\t\tstyle=\"font-size: 25px; color: #FFFFFF\" \n\t\taria-hidden=\"true\"><\/span>\t\t\t<\/div>\n\n\t\t\t<div class=\"textwidget\">\n\t\t\t\t\n\t\t\t\t\n\t\t\t\t\t\t\t<\/div>\n\t\t\t\t\t\t\t\t<\/li>\n\n\t<\/ul>\n<\/div><\/div><\/div><div id=\"pgc-12-1-1\"  class=\"panel-grid-cell\" ><div id=\"panel-12-1-1-0\" class=\"so-panel widget widget_text panel-first-child panel-last-child\" data-index=\"3\" ><h3 class=\"widget-title\">Nachfolgend finden Sie \u00dcberlegungen zu den verschiedenen Varianten:<\/h3>\t\t\t<div class=\"textwidget\"><strong>Variante 1<\/strong><\/br>\n- Kleine Version eines Gross-Systems (z.B. SAP \/ Baan ...)<\/br>\n- unverh\u00e4ltnism\u00e4ssig teuer in praktisch allen Punkten<\/br>\n- teure Datenbank & j\u00e4hrliche Wartung (Oracle) und teure Software (Middleware)<\/br>\n- teure Integration (Stundens\u00e4tze erst ab 220.\u2013 bis 400.\u2013\/h)- aufwendige Schulung <\/br>\n- da komplexe Systeme<\/br>\n- bei Problemen ist h\u00e4ufig bei den sog. Consultants niemand schuld. (Ich habe nichts falsch gemach, das muss am System liegen)<\/br>\n- teure Abh\u00e4ngigkeit<\/br>\n- Anbieter ist gross und geht normalerweise nicht unter (vielleicht)<\/br>\n<\/br>\n<\/div>\n\t\t<\/div><\/div><\/div><div id=\"pg-12-2\"  class=\"panel-grid panel-no-style\" ><div id=\"pgc-12-2-0\"  class=\"panel-grid-cell\" ><div id=\"panel-12-2-0-0\" class=\"so-panel widget widget_sow-features panel-first-child panel-last-child\" data-index=\"4\" ><div\n\t\t\t\n\t\t\tclass=\"so-widget-sow-features so-widget-sow-features-default-5e754ddcf1cf-12\"\n\t\t\t\n\t\t><ul\n\tclass=\"sow-features-list\n\tsow-features-responsive\">\n\n\t\t\t<li\n\t\t\tclass=\"sow-features-feature sow-icon-container-position-top\"\n\t\t\tstyle=\"display: flex; flex-direction: column; width: calc(33.333% - 25px);\"\n\t\t>\n\t\t\t\n\t\t\t\t\t\t<div\t\t\t\tclass=\"sow-icon-container sow-container-round\"\n\t\t\t\tstyle=\"color: #404040; \"\n\t\t\t\t\n\t\t\t\t\t\t\t>\n\t\t\t\t<span class=\"sow-icon-fontawesome sow-fas\" data-sow-icon=\"&#xf0a9;\"\n\t\tstyle=\"font-size: 25px; color: #FFFFFF\" \n\t\taria-hidden=\"true\"><\/span>\t\t\t<\/div>\n\n\t\t\t<div class=\"textwidget\">\n\t\t\t\t\n\t\t\t\t\n\t\t\t\t\t\t\t<\/div>\n\t\t\t\t\t\t\t\t<\/li>\n\n\t<\/ul>\n<\/div><\/div><\/div><div id=\"pgc-12-2-1\"  class=\"panel-grid-cell\" ><div id=\"panel-12-2-1-0\" class=\"so-panel widget widget_text panel-first-child panel-last-child\" data-index=\"5\" >\t\t\t<div class=\"textwidget\"><strong>Variante 2<\/strong><\/br>\n- Branchenl\u00f6sung \/ Kleinsystem f\u00fcr KMU<\/br>\n- oft Einsatz \u201ekleiner und propriet\u00e4rer\u201c DB\u2018s (tiefe Lizenzkosten)<\/br>\n- geschlossenes System: Anbieter diktiert meist, da er immer mehr als nur einen Kunden hat,der genau diese L\u00f6sung einsetzt<\/br>\n- Betrieb passt sich meist dem System an <\/br>\n- nicht umgekehrt<\/br>\n- Abh\u00e4ngigkeit von kleiner Firma mit wenig Entwicklern ...<\/br>\n<strong>Kosten:<\/strong><\/br>\n- kann g\u00fcnstig sein wenn im Betrieb alles passt<\/br>\n- kann trotz g\u00fcnstigem Software<\/br>\n- Preis durch die Integration teuer werden<\/br>\n<\/br>\n<\/div>\n\t\t<\/div><\/div><\/div><div id=\"pg-12-3\"  class=\"panel-grid panel-no-style\" ><div id=\"pgc-12-3-0\"  class=\"panel-grid-cell\" ><div id=\"panel-12-3-0-0\" class=\"so-panel widget widget_sow-features panel-first-child panel-last-child\" data-index=\"6\" ><div\n\t\t\t\n\t\t\tclass=\"so-widget-sow-features so-widget-sow-features-default-5e754ddcf1cf-12\"\n\t\t\t\n\t\t><ul\n\tclass=\"sow-features-list\n\tsow-features-responsive\">\n\n\t\t\t<li\n\t\t\tclass=\"sow-features-feature sow-icon-container-position-top\"\n\t\t\tstyle=\"display: flex; flex-direction: column; width: calc(33.333% - 25px);\"\n\t\t>\n\t\t\t\n\t\t\t\t\t\t<div\t\t\t\tclass=\"sow-icon-container sow-container-round\"\n\t\t\t\tstyle=\"color: #404040; \"\n\t\t\t\t\n\t\t\t\t\t\t\t>\n\t\t\t\t<span class=\"sow-icon-fontawesome sow-fas\" data-sow-icon=\"&#xf0a9;\"\n\t\tstyle=\"font-size: 25px; color: #FFFFFF\" \n\t\taria-hidden=\"true\"><\/span>\t\t\t<\/div>\n\n\t\t\t<div class=\"textwidget\">\n\t\t\t\t\n\t\t\t\t\n\t\t\t\t\t\t\t<\/div>\n\t\t\t\t\t\t\t\t<\/li>\n\n\t<\/ul>\n<\/div><\/div><\/div><div id=\"pgc-12-3-1\"  class=\"panel-grid-cell\" ><div id=\"panel-12-3-1-0\" class=\"so-panel widget widget_text panel-first-child panel-last-child\" data-index=\"7\" >\t\t\t<div class=\"textwidget\"><p><strong>Variante 3<\/strong><br \/>\n&#8211; Einsatz von Standart-Software (einer Datenbank) + Programmierung genau auf den Betrieb angepasst<br \/>\n&#8211; L\u00f6sung ist perfekt auf den Betrieb abgestimmt<br \/>\n&#8211; flexibel<br \/>\n&#8211; Pflichtenheft kann\/muss vom Kunden erstellt werden<br \/>\n&#8211; System ist NICHT \u201egeschlossen\u201c<br \/>\n&#8211; jederzeit ausbaubar: bez\u00fcglich Funktionalit\u00e4t und Anzahl Anwender<br \/>\n&#8211; schrittweises Wachstum &amp; Ausbau m\u00f6glich<br \/>\n&#8211; Hauptkomponente \u201eDatenbank\u201c geht nicht unter<br \/>\n&#8211; FileMaker ist millionenfach installiert<br \/>\n&#8211; Entwickler ist leichter austauschbar<br \/>\n&#8211; geringe Abh\u00e4ngigkeit<br \/>\n&#8211; Anbindung an eine &#171;profesionelle&#187; Fibu Software immer noch m\u00f6glich. (siehe hierzu die speziellen Ausf\u00fchrungen zu Sesam)<br \/>\n<strong>Kosten:<\/strong><br \/>\n&#8211; Datenbankanschaffung: ca. Fr. 500.\u2013 pro Arbeitsplatz<br \/>\n&#8211; Integration\/Entwicklung: g\u00fcnstig, da Scriptsprache<br \/>\n&#8211; nicht Programmiersprache<br \/>\n&#8211; Schulung<br \/>\n&#8211; abh\u00e4ngig vom Pflichtenheft: aber sicher geringer als bei 1) und 2).<\/p>\n<p>Sicherlich sind die Argumente auf dieser Seite tendenziell &#171;gef\u00e4rbt&#187; (w\u00fcrde ich sonst FileMaker Programmieren?), aber die meisten Punkte gelten aus eigener Projekterfahrung sicherlich allgemein und m\u00fcssen in der Gesamtkostenrechnung ber\u00fccksichtigt werden.<\/p>\n<\/div>\n\t\t<\/div><\/div><\/div><\/div>","protected":false},"excerpt":{"rendered":"<p>* ERP \/ Branchenl\u00f6sung \/ OrderProcessing-System etc. Grunds\u00e4tzliches zu den L\u00f6sungen: Alle L\u00f6sungen sind IMMER auf einer Datenbank aufgebaut &#8211; egal, wie die Datenbank heisst. Die Unterschiede liegen einerseits sicherlich im Anschaffungspreis\/Leistung &#8211; andererseits m\u00fcssen aber auch die Kosten f\u00fcr den Betrieb (wiederkehrende Lizenzgeb\u00fchren) und Schulung ber\u00fccksichtigt werden. Die FileMaker Pro\u00ae Plattform Normalerweise sollten Sie [&hellip;]<\/p>\n","protected":false},"author":1,"featured_media":0,"parent":0,"menu_order":0,"comment_status":"closed","ping_status":"closed","template":"templates\/template-full.php","meta":{"footnotes":""},"class_list":["post-12","page","type-page","status-publish","hentry"],"_links":{"self":[{"href":"https:\/\/www.database-designs.ch\/filemaker-wp\/wp-json\/wp\/v2\/pages\/12","targetHints":{"allow":["GET"]}}],"collection":[{"href":"https:\/\/www.database-designs.ch\/filemaker-wp\/wp-json\/wp\/v2\/pages"}],"about":[{"href":"https:\/\/www.database-designs.ch\/filemaker-wp\/wp-json\/wp\/v2\/types\/page"}],"author":[{"embeddable":true,"href":"https:\/\/www.database-designs.ch\/filemaker-wp\/wp-json\/wp\/v2\/users\/1"}],"replies":[{"embeddable":true,"href":"https:\/\/www.database-designs.ch\/filemaker-wp\/wp-json\/wp\/v2\/comments?post=12"}],"version-history":[{"count":21,"href":"https:\/\/www.database-designs.ch\/filemaker-wp\/wp-json\/wp\/v2\/pages\/12\/revisions"}],"predecessor-version":[{"id":390,"href":"https:\/\/www.database-designs.ch\/filemaker-wp\/wp-json\/wp\/v2\/pages\/12\/revisions\/390"}],"wp:attachment":[{"href":"https:\/\/www.database-designs.ch\/filemaker-wp\/wp-json\/wp\/v2\/media?parent=12"}],"curies":[{"name":"wp","href":"https:\/\/api.w.org\/{rel}","templated":true}]}}