{"id":569,"date":"2018-10-29T12:22:05","date_gmt":"2018-10-29T11:22:05","guid":{"rendered":"http:\/\/database-designs.ch\/?page_id=569"},"modified":"2025-09-02T17:04:37","modified_gmt":"2025-09-02T15:04:37","slug":"filemaker-konferenz","status":"publish","type":"page","link":"https:\/\/www.database-designs.ch\/filemaker-wp\/filemaker-konferenz\/","title":{"rendered":"FileMaker Konferenz"},"content":{"rendered":"<div id=\"pl-569\"  class=\"panel-layout\" ><div id=\"pg-569-0\"  class=\"panel-grid panel-no-style\" ><div id=\"pgc-569-0-0\"  class=\"panel-grid-cell\" ><div id=\"panel-569-0-0-0\" class=\"so-panel widget widget_origin_animated-image panel-first-child panel-last-child\" data-index=\"0\" ><div class=\"origin-widget origin-widget-animated-image origin-widget-animated-image-default-default\"><img decoding=\"async\" src=\"http:\/\/database-designs.ch\/filemaker-wp\/wp-content\/uploads\/2018\/10\/FileMaker_Konferenz.png\" style=\"visibility:hidden\" data-animation=\"fade\" \/><\/div><\/div><\/div><div id=\"pgc-569-0-1\"  class=\"panel-grid-cell\" ><div id=\"panel-569-0-1-0\" class=\"so-panel widget widget_text panel-first-child panel-last-child\" data-index=\"1\" ><h3 class=\"widget-title\">FileMaker Konferenz<\/h3>\t\t\t<div class=\"textwidget\">Die allj\u00e4hrliche deutschsprachige Konferenz f\u00fcr alle FileMaker Programmierer. Dieses Jahr wird die Konferenz vom 15.-17.09.2025 in Hamburg stattgefunden. Im Laufe der Jahre habe ich diverse Fach-Vortr\u00e4ge zu FileMaker und der Claris Plattform gehalten.<\/div>\n\t\t<\/div><\/div><\/div><div id=\"pg-569-1\"  class=\"panel-grid panel-no-style\" ><div id=\"pgc-569-1-0\"  class=\"panel-grid-cell\" ><div id=\"panel-569-1-0-0\" class=\"so-panel widget widget_text panel-first-child panel-last-child\" data-index=\"2\" >\t\t\t<div class=\"textwidget\"><p align=\"center\">___________________________________________________________________________________________________________________________<\/p><\/div>\n\t\t<\/div><\/div><\/div><div id=\"pg-569-2\"  class=\"panel-grid panel-no-style\" ><div id=\"pgc-569-2-0\"  class=\"panel-grid-cell\" ><div id=\"panel-569-2-0-0\" class=\"so-panel widget widget_origin_animated-image panel-first-child panel-last-child\" data-index=\"3\" ><div class=\"origin-widget origin-widget-animated-image origin-widget-animated-image-default-default\"><img decoding=\"async\" src=\"https:\/\/www.database-designs.ch\/filemaker-wp\/wp-content\/uploads\/2025\/09\/2024.png\" style=\"visibility:hidden\" data-animation=\"fade\" \/><\/div><\/div><\/div><div id=\"pgc-569-2-1\"  class=\"panel-grid-cell\" ><div id=\"panel-569-2-1-0\" class=\"so-panel widget widget_text panel-first-child panel-last-child\" data-index=\"4\" ><h3 class=\"widget-title\">Meine Vortr\u00e4ge im Jahr 2024<\/h3>\t\t\t<div class=\"textwidget\">Das Ziel des Vortrag  war es, dass der Zuschauer nach dem Vortrag einen guten technischen Einblick in die Claris Connect Plattform hat, so dass er als FileMaker Entwickler ohne langes Probieren, T\u00fcfteln und Verst\u00e4ndnis-H\u00fcrden mit Claris Connect eigene erste \"Flows\" ausprobieren kann. <\/br>\nWas ein \"Flow\" ist, erkl\u00e4re ich nat\u00fcrlich. Nur wer \u00fcber ein solides Grundwissen der Technologie verf\u00fcgt, wird sie beim Kunden in Betracht ziehen und auch einsetzen. Ich zeige die Voraussetzungen, wie man Daten \"in\" und \"aus\" dem FileMaker Server tauscht, aus FileMaker Pro einen Claris Connect Flow triggert und weise auf Stolpersteine beim DataAPI Privilegen Set hin.<\/br>\n\u2022 Wann lohnt es sich Connect einzusetzen?<\/br>\n\u2022 Wann brauche ich den \"On-premise agent\" f\u00fcr den FileMaker Server?<\/br>\n\u2022 Was sind Claris Connect Web Hooks?<\/br>\n\u2022 Wie integriert man einen Service anhand eines Beispiels?<\/br>\n\u2022 Wann integriere ich lieber selber eine Schnittstelle mit einer REST API?<\/div>\n\t\t<\/div><\/div><\/div><div id=\"pg-569-3\"  class=\"panel-grid panel-no-style\" ><div id=\"pgc-569-3-0\"  class=\"panel-grid-cell\" ><div id=\"panel-569-3-0-0\" class=\"so-panel widget widget_text panel-first-child panel-last-child\" data-index=\"5\" >\t\t\t<div class=\"textwidget\"><p align=\"center\">___________________________________________________________________________________________________________________________<\/p><\/div>\n\t\t<\/div><\/div><\/div><div id=\"pg-569-4\"  class=\"panel-grid panel-no-style\" ><div id=\"pgc-569-4-0\"  class=\"panel-grid-cell\" ><div id=\"panel-569-4-0-0\" class=\"so-panel widget widget_origin_animated-image panel-first-child panel-last-child\" data-index=\"6\" ><div class=\"origin-widget origin-widget-animated-image origin-widget-animated-image-default-default\"><img decoding=\"async\" src=\"http:\/\/database-designs.ch\/filemaker-wp\/wp-content\/uploads\/2018\/10\/2018.png\" style=\"visibility:hidden\" data-animation=\"fade\" \/><\/div><\/div><\/div><div id=\"pgc-569-4-1\"  class=\"panel-grid-cell\" ><div id=\"panel-569-4-1-0\" class=\"so-panel widget widget_text panel-first-child panel-last-child\" data-index=\"7\" ><h3 class=\"widget-title\">Meine Vortr\u00e4ge im Jahr 2018<\/h3>\t\t\t<div class=\"textwidget\">Dieses Jahr stand ganz im Zeichen der FileMaker WebDirect Technologie. Einfach formuliert: Mit WebDirect lassen sich Layouts, Scripte bzw. ganz einfach gesagt FileMaker Datenbanken in Web Seiten mit WebApps umsetzen.<\/br>\nIm Einsteiger Vortrag zeige ich, wie einfach die Umsetzung bzw. Programmierung ist - ohne auf die technischen Details einzugehen.<\/br>\nIm Tipps und Tricks Vortrag zeige ich meine Sammlung von Tipps und Problemen und deren L\u00f6sungen, die ich w\u00e4hrend der Umsetzung von Kundenprojekten angetroffen habe.\n<\/br><\/br>\n<a href=\"https:\/\/www.slideshare.net\/fmkonferenz\/fmk2018-web-direct-fuer-einsteiger-alexis-gehrt\">Pr\u00e4sentation: WebDirect f\u00fcr Einsteiger<\/a>\n<\/br>\n<a href=\"https:\/\/www.slideshare.net\/fmkonferenz\/fmk2018-web-direct-tipps-und-tricks-alexis-gehrt-120106546\">WebDirect Tipps und Tricks\n<\/a><\/div>\n\t\t<\/div><\/div><\/div><div id=\"pg-569-5\"  class=\"panel-grid panel-no-style\" ><div id=\"pgc-569-5-0\"  class=\"panel-grid-cell\" ><div id=\"panel-569-5-0-0\" class=\"so-panel widget widget_text panel-first-child panel-last-child\" data-index=\"8\" >\t\t\t<div class=\"textwidget\"><p align=\"center\">___________________________________________________________________________________________________________________________<\/p><\/div>\n\t\t<\/div><\/div><\/div><div id=\"pg-569-6\"  class=\"panel-grid panel-no-style\" ><div id=\"pgc-569-6-0\"  class=\"panel-grid-cell\" ><div id=\"panel-569-6-0-0\" class=\"so-panel widget widget_origin_animated-image panel-first-child panel-last-child\" data-index=\"9\" ><div class=\"origin-widget origin-widget-animated-image origin-widget-animated-image-default-default\"><img decoding=\"async\" src=\"http:\/\/database-designs.ch\/filemaker-wp\/wp-content\/uploads\/2018\/10\/2017.png\" style=\"visibility:hidden\" data-animation=\"fade\" \/><\/div><\/div><\/div><div id=\"pgc-569-6-1\"  class=\"panel-grid-cell\" ><div id=\"panel-569-6-1-0\" class=\"so-panel widget widget_text panel-first-child panel-last-child\" data-index=\"10\" ><h3 class=\"widget-title\">Meine Vortr\u00e4ge im Jahr 2017<\/h3>\t\t\t<div class=\"textwidget\">Die nachfolgenden zwei Vortr\u00e4ge befassten sich mit dem Themenbereich FileMaker GO f\u00fcr iOS (iPhone \/ iPad). Im Vortrag \u00fcber das URL Schema ging es um die Kommunikation zwischen Apps. Im zweiten Vortrag wurden iBeacons behandelt. Dies sind kleine BlueTooth Sender, die zur Lokalisierung innerhalb von R\u00e4umlichkeiten benutzt werden k\u00f6nnen.\n<\/br><\/br>\n<a href=\"https:\/\/www.slideshare.net\/fmkonferenz\/fmk2017-das-ios-filemaker-url-schema-by-alexis-gehrt\">Das iOS FileMaker URL Schema<\/a>\n<\/br>\n<a href=\"https:\/\/www.slideshare.net\/fmkonferenz\/fmk2017-ibeacons-und-filemaker-by-alexis-gehrt\">iBeacons und FileMaker<\/a>\n<\/br><\/br>\nIm Vortrag \u00fcber Tools f\u00fcr Entwickler zeige ich meine Sammlung von Werkzeugen, die ich nebst FileMaker Pro Advanced bei der t\u00e4glichen Arbeit benutze.<\/br><\/br>\n<a href=\"https:\/\/www.slideshare.net\/fmkonferenz\/fmk2017-tools-fr-filemaker-entwickler-by-alexis-gehrt\">Tools f\u00fcr FileMaker Entwickler<\/a><\/div>\n\t\t<\/div><\/div><\/div><div id=\"pg-569-7\"  class=\"panel-grid panel-no-style\" ><div id=\"pgc-569-7-0\"  class=\"panel-grid-cell\" ><div id=\"panel-569-7-0-0\" class=\"so-panel widget widget_text panel-first-child panel-last-child\" data-index=\"11\" >\t\t\t<div class=\"textwidget\"><p align=\"center\">___________________________________________________________________________________________________________________________<\/p><\/div>\n\t\t<\/div><\/div><\/div><div id=\"pg-569-8\"  class=\"panel-grid panel-no-style\" ><div id=\"pgc-569-8-0\"  class=\"panel-grid-cell\" ><div id=\"panel-569-8-0-0\" class=\"so-panel widget widget_origin_animated-image panel-first-child panel-last-child\" data-index=\"12\" ><div class=\"origin-widget origin-widget-animated-image origin-widget-animated-image-default-default\"><img decoding=\"async\" src=\"http:\/\/database-designs.ch\/filemaker-wp\/wp-content\/uploads\/2018\/10\/2015.png\" style=\"visibility:hidden\" data-animation=\"fade\" \/><\/div><\/div><\/div><div id=\"pgc-569-8-1\"  class=\"panel-grid-cell\" ><div id=\"panel-569-8-1-0\" class=\"so-panel widget widget_text panel-first-child panel-last-child\" data-index=\"13\" ><h3 class=\"widget-title\">Meine Vortr\u00e4ge im Jahr 2015<\/h3>\t\t\t<div class=\"textwidget\">Dieses Jahr hatte ich mich mit dem Thema Sicherheit besch\u00e4ftigt. Nach den Snowden Enth\u00fcllungen ein Thema, das an Brisanz gewonnen hatte. Im Vortrag \u00fcber Sicherheit zeige ich diverse Angriffs-Vektoren auf, wie schlecht abgesicherte FileMaker L\u00f6sungen angegriffen werden k\u00f6nnen - und nat\u00fcrlich was man dagegen tun muss.<\/br>\nDer Vortrag \u00fcber die sichere Anmeldung von FileMaker GO L\u00f6sungen auf dem iPhone spielt nat\u00fcrlich genau in dieses Thema hinein. Hier zeige ich, wie man FileMaker L\u00f6sungen f\u00fcr genau EIN definiertes Ger\u00e4t freischalten kann.\n<\/br><\/br>\n<a href=\"http:\/\/de.slideshare.net\/fmkonferenz\/fmk2015-filemaker-sicherheit-sicherheit-sicherheit-by-alexis-gehrt-53919070\">FileMaker Sicherheit Sicherheit Sicherheit<\/a>\n<\/br>\n<a href=\"http:\/\/de.slideshare.net\/fmkonferenz\/fmk2015-sichere-automatische-anmeldung-mit-hilfe-der-getpersistentid-funktion-in-filemaker-go-by-alexis-gehrt\">Sichere automatische Anmeldung mit Hilfe der Get(PersistentID) in FileMaker Go<\/a><\/div>\n\t\t<\/div><\/div><\/div><div id=\"pg-569-9\"  class=\"panel-grid panel-no-style\" ><div id=\"pgc-569-9-0\"  class=\"panel-grid-cell\" ><div id=\"panel-569-9-0-0\" class=\"so-panel widget widget_text panel-first-child panel-last-child\" data-index=\"14\" >\t\t\t<div class=\"textwidget\"><p align=\"center\">___________________________________________________________________________________________________________________________<\/p><\/div>\n\t\t<\/div><\/div><\/div><div id=\"pg-569-10\"  class=\"panel-grid panel-no-style\" ><div id=\"pgc-569-10-0\"  class=\"panel-grid-cell\" ><div id=\"panel-569-10-0-0\" class=\"so-panel widget widget_origin_animated-image panel-first-child panel-last-child\" data-index=\"15\" ><div class=\"origin-widget origin-widget-animated-image origin-widget-animated-image-default-default\"><img decoding=\"async\" src=\"http:\/\/database-designs.ch\/filemaker-wp\/wp-content\/uploads\/2018\/10\/2010.png\" style=\"visibility:hidden\" data-animation=\"fade\" \/><\/div><\/div><\/div><div id=\"pgc-569-10-1\"  class=\"panel-grid-cell\" ><div id=\"panel-569-10-1-0\" class=\"so-panel widget widget_text panel-first-child panel-last-child\" data-index=\"16\" ><h3 class=\"widget-title\">Meine Vortr\u00e4ge im Jahr 2010<\/h3>\t\t\t<div class=\"textwidget\">Der Beginn der Custom Functions in FileMaker war zu diesem Zeitpunkt eingel\u00e4utet. Was sind Custom Functions, was sind rekursive Custom Functions? Eine Sammlung von n\u00fctzlichen Funktionen rundet den Vortrag ab.<\/br>\nIm Vortrag \u00fcber ESS Datenquellen zeige ich, wie man sehr einfach mit einem Treiber f\u00fcr z.B. MySQL Datenbanken diese in den FileMaker Beziehungsgraf integrieren kann, wie wenn es FileMaker eigene w\u00e4ren.\n<\/br><\/br>\n<a href=\"http:\/\/www.filemaker-konferenz.com\/2010\/downloads\/27.%20Mai%20Donnerstag\/20%20Eigene%20Funktionen\/FMK%202010%20FileMaker%20Custom%20Functions%20Eigene%20Funktionen%20by%20Alexis%20Gehrt.zip\">FileMaker Custom Functions<\/a>\n<\/br>\n<a href=\"http:\/\/www.filemaker-konferenz.com\/2010\/downloads\/27.%20Mai%20Donnerstag\/ESS%20und%20SQL%20mit%20FileMaker\/FMK%202010%20FileMaker%20ESS%20und%20SQL%20Schattentabellen%20by%20Alexis%20Gehrt.pdf\">FileMaker ESS und SQL Schattentabellen <\/a>\n\n<\/div>\n\t\t<\/div><\/div><\/div><div id=\"pg-569-11\"  class=\"panel-grid panel-no-style\" ><div id=\"pgc-569-11-0\"  class=\"panel-grid-cell\" ><div id=\"panel-569-11-0-0\" class=\"so-panel widget widget_text panel-first-child panel-last-child\" data-index=\"17\" >\t\t\t<div class=\"textwidget\"><p align=\"center\">___________________________________________________________________________________________________________________________<\/p><\/div>\n\t\t<\/div><\/div><\/div><\/div>","protected":false},"excerpt":{"rendered":"<p>Die allj\u00e4hrliche deutschsprachige Konferenz f\u00fcr alle FileMaker Programmierer. Dieses Jahr wird die Konferenz vom 15.-17.09.2025 in Hamburg stattgefunden. Im Laufe der Jahre habe ich diverse Fach-Vortr\u00e4ge zu FileMaker und der Claris Plattform gehalten. ___________________________________________________________________________________________________________________________<\/p>\n","protected":false},"author":1,"featured_media":0,"parent":0,"menu_order":0,"comment_status":"closed","ping_status":"closed","template":"templates\/template-full.php","meta":{"footnotes":""},"class_list":["post-569","page","type-page","status-publish","hentry"],"_links":{"self":[{"href":"https:\/\/www.database-designs.ch\/filemaker-wp\/wp-json\/wp\/v2\/pages\/569","targetHints":{"allow":["GET"]}}],"collection":[{"href":"https:\/\/www.database-designs.ch\/filemaker-wp\/wp-json\/wp\/v2\/pages"}],"about":[{"href":"https:\/\/www.database-designs.ch\/filemaker-wp\/wp-json\/wp\/v2\/types\/page"}],"author":[{"embeddable":true,"href":"https:\/\/www.database-designs.ch\/filemaker-wp\/wp-json\/wp\/v2\/users\/1"}],"replies":[{"embeddable":true,"href":"https:\/\/www.database-designs.ch\/filemaker-wp\/wp-json\/wp\/v2\/comments?post=569"}],"version-history":[{"count":93,"href":"https:\/\/www.database-designs.ch\/filemaker-wp\/wp-json\/wp\/v2\/pages\/569\/revisions"}],"predecessor-version":[{"id":1207,"href":"https:\/\/www.database-designs.ch\/filemaker-wp\/wp-json\/wp\/v2\/pages\/569\/revisions\/1207"}],"wp:attachment":[{"href":"https:\/\/www.database-designs.ch\/filemaker-wp\/wp-json\/wp\/v2\/media?parent=569"}],"curies":[{"name":"wp","href":"https:\/\/api.w.org\/{rel}","templated":true}]}}