{"id":74,"date":"2014-10-08T08:29:33","date_gmt":"2014-10-08T08:29:33","guid":{"rendered":"http:\/\/database-designs.ch\/filemaker-dbd\/?page_id=74"},"modified":"2022-07-20T17:10:57","modified_gmt":"2022-07-20T15:10:57","slug":"projekte","status":"publish","type":"page","link":"https:\/\/www.database-designs.ch\/filemaker-wp\/projekte\/","title":{"rendered":"Referenzen"},"content":{"rendered":"<div id=\"pl-74\"  class=\"panel-layout\" ><div id=\"pg-74-0\"  class=\"panel-grid panel-no-style\" ><div id=\"pgc-74-0-0\"  class=\"panel-grid-cell\" ><div id=\"panel-74-0-0-0\" class=\"so-panel widget widget_origin_animated-image panel-first-child panel-last-child\" data-index=\"0\" ><div class=\"origin-widget origin-widget-animated-image origin-widget-animated-image-default-default\"><img decoding=\"async\" src=\"http:\/\/database-designs.ch\/filemaker-wp\/wp-content\/uploads\/2014\/10\/peclard.gif\" style=\"visibility:hidden\" data-animation=\"fade\" \/><\/div><\/div><\/div><div id=\"pgc-74-0-1\"  class=\"panel-grid-cell\" ><div id=\"panel-74-0-1-0\" class=\"so-panel widget widget_text panel-first-child panel-last-child\" data-index=\"1\" ><h3 class=\"widget-title\">P\u00e9clard Schweiz AG \/ Z\u00fcrich<\/h3>\t\t\t<div class=\"textwidget\">Diese Juwelier Administrationsl\u00f6sung L\u00f6sung wurde speziell auf die Bed\u00fcrfnisse eines Schmuckproduktionsbetriebs bzw. deren Anforderungen an Schmuckkalkulation, Lagerwertbuchhaltung und Auftragswesen zugeschnitten, da eine normale St\u00fccklisten Verwaltung nicht zum Ziel f\u00fchrt. Zum Artikelstamm, der Nachkalkulation geh\u00f6ren alle Module einer Administrationsl\u00f6sung wie Auftrag, Rechnung (ESR), Kreditoren, Kassenbuchungen, Pendenzenverwaltung Produktion bis hin zur flexiblen Fremdw\u00e4hrungsverwaltung f\u00fcr Diamantk\u00e4ufe in Dollar. Die Debi\/Kredi\/Fibu wird durch eine Schnittstelle zur Sesam in einem Standard Paket erledigt. \n<\/br><\/br>\n<a href=\"http:\/\/www.peclard.ch\">www.peclard.ch<\/a><\/div>\n\t\t<\/div><\/div><\/div><div id=\"pg-74-1\"  class=\"panel-grid panel-no-style\" ><div id=\"pgc-74-1-0\"  class=\"panel-grid-cell\" ><div id=\"panel-74-1-0-0\" class=\"so-panel widget widget_text panel-first-child panel-last-child\" data-index=\"2\" >\t\t\t<div class=\"textwidget\"><p align=\"center\">___________________________________________________________________________________________________________________________<\/p><\/div>\n\t\t<\/div><\/div><\/div><div id=\"pg-74-2\"  class=\"panel-grid panel-no-style\" ><div id=\"pgc-74-2-0\"  class=\"panel-grid-cell\" ><div id=\"panel-74-2-0-0\" class=\"so-panel widget widget_origin_animated-image panel-first-child panel-last-child\" data-index=\"3\" ><div class=\"origin-widget origin-widget-animated-image origin-widget-animated-image-default-default\"><img decoding=\"async\" src=\"http:\/\/database-designs.ch\/filemaker-wp\/wp-content\/uploads\/2014\/12\/germaine-logo.png\" style=\"visibility:hidden\" data-animation=\"fade\" \/><\/div><\/div><\/div><div id=\"pgc-74-2-1\"  class=\"panel-grid-cell\" ><div id=\"panel-74-2-1-0\" class=\"so-panel widget widget_text panel-first-child panel-last-child\" data-index=\"4\" ><h3 class=\"widget-title\">Germaine Lingerie Fine \/ Z\u00fcrich<\/h3>\t\t\t<div class=\"textwidget\">Diese Textil-Branchenl\u00f6sung wurde f\u00fcr Lingerie Germaine in Z\u00fcrich entwickelt und umfasst die Verwaltung des Artikelstamms mit Lagerbestand, Reservationen, Bestellungen und Inventur nach EAN-Codes und BarCode-Leser. Gleiche Artikels werden in de frei definierbaren Gr\u00f6ssenrastern und Farbmodellen gruppiert angezeigt. Die Kassen-Quittung bucht den Lagerbestand aus und die Verk\u00e4ufe werden dem Kunden im Adressstamm statistisch zugeordnet. Ein Korrespondenz-Modul, Artikel-Etikettierung runden die L\u00f6sung ab.\n<\/br><\/br>\n<a href=\"http:\/\/www.lingerie-germaine.ch\">www.lingerie-germaine.ch<\/a><\/div>\n\t\t<\/div><\/div><\/div><div id=\"pg-74-3\"  class=\"panel-grid panel-no-style\" ><div id=\"pgc-74-3-0\"  class=\"panel-grid-cell\" ><div id=\"panel-74-3-0-0\" class=\"so-panel widget widget_text panel-first-child panel-last-child\" data-index=\"5\" >\t\t\t<div class=\"textwidget\"><p align=\"center\">___________________________________________________________________________________________________________________________<\/p><\/div>\n\t\t<\/div><\/div><\/div><div id=\"pg-74-4\"  class=\"panel-grid panel-no-style\" ><div id=\"pgc-74-4-0\"  class=\"panel-grid-cell\" ><div id=\"panel-74-4-0-0\" class=\"so-panel widget widget_origin_animated-image panel-first-child panel-last-child\" data-index=\"6\" ><div class=\"origin-widget origin-widget-animated-image origin-widget-animated-image-default-default\"><img decoding=\"async\" src=\"http:\/\/database-designs.ch\/filemaker-wp\/wp-content\/uploads\/2014\/12\/logo_marinox_ag.png\" style=\"visibility:hidden\" data-animation=\"fade\" \/><\/div><\/div><\/div><div id=\"pgc-74-4-1\"  class=\"panel-grid-cell\" ><div id=\"panel-74-4-1-0\" class=\"so-panel widget widget_text panel-first-child panel-last-child\" data-index=\"7\" ><h3 class=\"widget-title\">Marinox AG \/ Amriswil <\/h3>\t\t\t<div class=\"textwidget\">Die Firma Marinox ist als Zulieferer in der Lebensmittelindustrie bekannt. Von der Nudel\/Sp\u00e4tzle-Maschine bis zur Kochstrasse werden Maschinen nach Kundenwunsch entworfen und realisiert. Die Nachkalkulation und Projektverwaltung geschieht in FileMaker Pro. Dabei werden alle Daten der Zeiterfassung, Artikel\/Lagerverbrauch sowie Projektbezogene Bestellungen f\u00fcr die Kalkulation herangezogen. Die Fakturierung geschieht via Sesam in CHF, EUR sowie in konfigurierbaren Fremdw\u00e4hrungen.\n<\/br><\/br>\n<a href=\"http:\/\/www.marinox.ch\">www.marinox.ch<\/a><\/div>\n\t\t<\/div><\/div><\/div><div id=\"pg-74-5\"  class=\"panel-grid panel-no-style\" ><div id=\"pgc-74-5-0\"  class=\"panel-grid-cell\" ><div id=\"panel-74-5-0-0\" class=\"so-panel widget widget_text panel-first-child panel-last-child\" data-index=\"8\" >\t\t\t<div class=\"textwidget\"><p align=\"center\">___________________________________________________________________________________________________________________________<\/p><\/div>\n\t\t<\/div><\/div><\/div><div id=\"pg-74-6\"  class=\"panel-grid panel-no-style\" ><div id=\"pgc-74-6-0\"  class=\"panel-grid-cell\" ><div id=\"panel-74-6-0-0\" class=\"so-panel widget widget_origin_animated-image panel-first-child panel-last-child\" data-index=\"9\" ><div class=\"origin-widget origin-widget-animated-image origin-widget-animated-image-default-default\"><img decoding=\"async\" src=\"http:\/\/database-designs.ch\/filemaker-wp\/wp-content\/uploads\/2014\/12\/logoDieAgenda.gif\" style=\"visibility:hidden\" data-animation=\"fade\" \/><\/div><\/div><\/div><div id=\"pgc-74-6-1\"  class=\"panel-grid-cell\" ><div id=\"panel-74-6-1-0\" class=\"so-panel widget widget_text panel-first-child panel-last-child\" data-index=\"10\" ><h3 class=\"widget-title\">Linden Grafik \/ Zuzwil <\/h3>\t\t\t<div class=\"textwidget\">Die bekannte Gemeinde-Agenda mit n\u00fctzlichen Adressen, dem Abfallkalender und allerlei n\u00fctzlichen Informationen zum um die Wohngemeinde. Die Verwaltung und Administration der Adressen, Inserate und Rechnungen wird in FileMaker Pro\u00ae gemacht.\n<\/br><\/br>\n<a href=\"http:\/\/www.linden-grafik.ch\">www.linden-grafik.ch<\/a><\/div>\n\t\t<\/div><\/div><\/div><div id=\"pg-74-7\"  class=\"panel-grid panel-no-style\" ><div id=\"pgc-74-7-0\"  class=\"panel-grid-cell\" ><div id=\"panel-74-7-0-0\" class=\"so-panel widget widget_text panel-first-child panel-last-child\" data-index=\"11\" >\t\t\t<div class=\"textwidget\"><p align=\"center\">___________________________________________________________________________________________________________________________<\/p><\/div>\n\t\t<\/div><\/div><\/div><div id=\"pg-74-8\"  class=\"panel-grid panel-no-style\" ><div id=\"pgc-74-8-0\"  class=\"panel-grid-cell\" ><div id=\"panel-74-8-0-0\" class=\"so-panel widget widget_origin_animated-image panel-first-child panel-last-child\" data-index=\"12\" ><div class=\"origin-widget origin-widget-animated-image origin-widget-animated-image-default-default\"><img decoding=\"async\" src=\"http:\/\/database-designs.ch\/filemaker-wp\/wp-content\/uploads\/2014\/12\/sos-aerzte.png\" style=\"visibility:hidden\" data-animation=\"fade\" \/><\/div><\/div><\/div><div id=\"pgc-74-8-1\"  class=\"panel-grid-cell\" ><div id=\"panel-74-8-1-0\" class=\"so-panel widget widget_text panel-first-child panel-last-child\" data-index=\"13\" ><h3 class=\"widget-title\">SOS Aerzte Turicum AG \/Z\u00fcrich <\/h3>\t\t\t<div class=\"textwidget\">Durch die dezentrale Organisation der SOS \u00c4rzte, war es n\u00f6tig, eine individuelle Arztl\u00f6sung zu erstellen, bei welcher m\u00f6glichst hohe Flexibilit\u00e4t zur Berichtserfassung und allgemeinen Datenerfassung n\u00f6tig war. Da der Arzt nach dem Einsatz nicht immer zur Basis zur\u00fcckkehrt, ist die Erfassung via externe Erfassungshilfe, aber auch Internet m\u00f6glich. \n\u00dcber TomTom WebFleet Business k\u00f6nnen die Auftr\u00e4ge dem Dienstarzt in das Fahrzeug geschickt und quittiert werden.\nMit der <strong>verschl\u00fcsselten iPhone\/iPad Anbindung<\/strong> hat der Einsatz-Leiter jederzeit von unterwegs eine \u00dcbersicht \u00fcber die aktuellen F\u00e4lle und der Dienstarzt kann seinen aktuellen Fall direkt nach dem Einsatz verarbeiten und den Einsatzbericht diktieren.\nSchliesslich werden die \u00e4rztlichen Leistungen aus den Patienten- und Einsatzdaten nach geltenden Tarmed Taxpunkten abgerechnet.\n<\/br><\/br>\n<a href=\"http:\/\/www.sos-aerzte.com\">www.sos-aerzte.com<\/a><\/div>\n\t\t<\/div><\/div><\/div><div id=\"pg-74-9\"  class=\"panel-grid panel-no-style\" ><div id=\"pgc-74-9-0\"  class=\"panel-grid-cell\" ><div id=\"panel-74-9-0-0\" class=\"so-panel widget widget_text panel-first-child panel-last-child\" data-index=\"14\" >\t\t\t<div class=\"textwidget\"><p align=\"center\">___________________________________________________________________________________________________________________________<\/p><\/div>\n\t\t<\/div><\/div><\/div><div id=\"pg-74-10\"  class=\"panel-grid panel-no-style\" ><div id=\"pgc-74-10-0\"  class=\"panel-grid-cell\" ><div id=\"panel-74-10-0-0\" class=\"so-panel widget widget_origin_animated-image panel-first-child panel-last-child\" data-index=\"15\" ><div class=\"origin-widget origin-widget-animated-image origin-widget-animated-image-default-default\"><img decoding=\"async\" src=\"http:\/\/database-designs.ch\/filemaker-wp\/wp-content\/uploads\/2014\/12\/tecnopinz.png\" style=\"visibility:hidden\" data-animation=\"fade\" \/><\/div><\/div><\/div><div id=\"pgc-74-10-1\"  class=\"panel-grid-cell\" ><div id=\"panel-74-10-1-0\" class=\"so-panel widget widget_text panel-first-child panel-last-child\" data-index=\"16\" ><h3 class=\"widget-title\">Tecnopinz SA \/ Mezzovico <\/h3>\t\t\t<div class=\"textwidget\">Die Firma Tecnopinz SA stellt hochpr\u00e4zise Spannsysteme f\u00fcr Industriebohrmaschinen her und ist darauf spezialisiert, individuelle Sonderteile gem\u00e4ss Kundenbed\u00fcrfnissen zu entwickeln und herzustellen.\nUm die bew\u00e4hrten innerbetrieblichen Abl\u00e4ufe sicherzustellen und nicht an eine ERP Software anzupassen, wurde die flexible FileMaker Pro\u00ae Datenbank Architektur gew\u00e4hlt. Im Rahmen mehrerer Schritte \u00fcber 3 Jahre Verteilt wurde zuerst die Kernkompetenz bzw. Kalkulation der Dreh- und Fr\u00e4steile umgestellt, dann folgten Auftragsverwaltung und Rechnungswesen und schliesslich die komplette Qualit\u00e4tskontrolle zur ISO 9001 Zertifizierung.\nIm Einsatz ist ein FileMaker Pro\u00ae Server, 10 Windows Clients und mehrere iPads in den Werkhallen.\n<\/br><\/br>\n<a href=\"http:\/\/www.tecnopinz.com\">www.tecnopinz.com<\/a><\/div>\n\t\t<\/div><\/div><\/div><div id=\"pg-74-11\"  class=\"panel-grid panel-no-style\" ><div id=\"pgc-74-11-0\"  class=\"panel-grid-cell\" ><div id=\"panel-74-11-0-0\" class=\"so-panel widget widget_text panel-first-child panel-last-child\" data-index=\"17\" >\t\t\t<div class=\"textwidget\"><p align=\"center\">___________________________________________________________________________________________________________________________<\/p><\/div>\n\t\t<\/div><\/div><\/div><div id=\"pg-74-12\"  class=\"panel-grid panel-no-style\" ><div id=\"pgc-74-12-0\"  class=\"panel-grid-cell\" ><div id=\"panel-74-12-0-0\" class=\"so-panel widget widget_origin_animated-image panel-first-child panel-last-child\" data-index=\"18\" ><div class=\"origin-widget origin-widget-animated-image origin-widget-animated-image-default-default\"><img decoding=\"async\" src=\"http:\/\/database-designs.ch\/filemaker-wp\/wp-content\/uploads\/2014\/12\/euromedtrans.png\" style=\"visibility:hidden\" data-animation=\"fade\" \/><\/div><\/div><\/div><div id=\"pgc-74-12-1\"  class=\"panel-grid-cell\" ><div id=\"panel-74-12-1-0\" class=\"so-panel widget widget_text panel-first-child panel-last-child\" data-index=\"19\" ><h3 class=\"widget-title\">EuroMedTrans \/ Glattbrugg<\/h3>\t\t\t<div class=\"textwidget\">Die Firma EuroMedTrans transportiert Patienten in ganz Europa, sei dies f\u00fcr einen Arztbesuch, einen Therapietermin oder einen Transfer ins Spital, zur Kur, oder in eine Rehaklinik.\nIm Rahmen der geltenden IVR-Richtlinien zum Einsatz der Einsatzfahrzeuge\nRettungssanit\u00e4tern und\/oder Transporthelfern wurde eine neue Software gesucht, welche die individuellen Bed\u00fcrfnisse abdeckt, nicht \u201emit Funktionen \u00fcberladen\u201c ist und sich dennoch in einem erschwinglichen Preisrahmen bewegt.\nDa schon zu Beginn der Entwicklung bekannt war, dass auch iPads zum Einsatz kommen werden, wurde die Bildschirmgr\u00f6sse so gew\u00e4hlt, dass keine extra iPad Masken erstellt werden mussten und die L\u00f6sung 1:1 benutzt werden kann.\nAuch hier wurde zur \u00dcberwachung der Auftr\u00e4ge die TomTom Business Schnittstelle integriert.\n<\/br><\/br>\n<a href=\"http:\/\/www.euromedtrans.ch\">www.euromedtrans.ch<\/a><\/div>\n\t\t<\/div><\/div><\/div><div id=\"pg-74-13\"  class=\"panel-grid panel-no-style\" ><div id=\"pgc-74-13-0\"  class=\"panel-grid-cell\" ><div id=\"panel-74-13-0-0\" class=\"so-panel widget widget_text panel-first-child panel-last-child\" data-index=\"20\" >\t\t\t<div class=\"textwidget\"><p align=\"center\">___________________________________________________________________________________________________________________________<\/p><\/div>\n\t\t<\/div><\/div><\/div><div id=\"pg-74-14\"  class=\"panel-grid panel-no-style\" ><div id=\"pgc-74-14-0\"  class=\"panel-grid-cell\" ><div id=\"panel-74-14-0-0\" class=\"so-panel widget widget_origin_animated-image panel-first-child panel-last-child\" data-index=\"21\" ><div class=\"origin-widget origin-widget-animated-image origin-widget-animated-image-default-default\"><img decoding=\"async\" src=\"http:\/\/database-designs.ch\/filemaker-wp\/wp-content\/uploads\/2015\/03\/presse.png\" style=\"visibility:hidden\" data-animation=\"fade\" \/><\/div><\/div><\/div><div id=\"pgc-74-14-1\"  class=\"panel-grid-cell\" ><div id=\"panel-74-14-1-0\" class=\"so-panel widget widget_text panel-first-child panel-last-child\" data-index=\"22\" ><h3 class=\"widget-title\">InfoWeek \u2013 Fr\u00fcher das IT-Magazin f\u00fcr die Schweiz mit einer Auflage von 7563 Exemplaren. <\/h3>\t\t\t<div class=\"textwidget\">Das Magazin bot IT-Profis und Entscheidern in Anwenderunternehmen 14-t\u00e4glich fundierte Hintergrundberichte, News, Tests und Analysen, immer im Schweizer Zusammenhang.<\/div>\n\t\t<\/div><\/div><\/div><div id=\"pg-74-15\"  class=\"panel-grid panel-no-style\" ><div id=\"pgc-74-15-0\"  class=\"panel-grid-cell panel-grid-cell-empty\" ><\/div><div id=\"pgc-74-15-1\"  class=\"panel-grid-cell panel-grid-cell-mobile-last\" ><div id=\"panel-74-15-1-0\" class=\"so-panel widget widget_sow-button panel-first-child\" data-index=\"23\" ><div\n\t\t\t\n\t\t\tclass=\"so-widget-sow-button so-widget-sow-button-atom-8d3ac13cc710-74\"\n\t\t\t\n\t\t><div class=\"ow-button-base ow-button-align-center\"\n>\n\t\t\t<a\n\t\t\t\t\thref=\"http:\/\/database-designs.ch\/filemaker-wp\/wp-content\/uploads\/2015\/03\/IW0411_Test_FM7.pdf\"\n\t\t\t\t\tclass=\"sowb-button ow-icon-placement-left ow-button-hover\" \t>\n\t\t<span>\n\t\t\t<span class=\"sow-icon-fontawesome sow-far\" data-sow-icon=\"&#xf1c1;\"\n\t\tstyle=\"\" \n\t\taria-hidden=\"true\"><\/span>\n\t\t\tFileMaker Pro\u00ae 7 Testbericht von Database Designs\/Alexis Gehrt\t\t<\/span>\n\t\t\t<\/a>\n\t<\/div>\n<\/div><\/div><div id=\"panel-74-15-1-1\" class=\"so-panel widget widget_sow-button panel-last-child\" data-index=\"24\" ><div\n\t\t\t\n\t\t\tclass=\"so-widget-sow-button so-widget-sow-button-atom-8d3ac13cc710-74\"\n\t\t\t\n\t\t><div class=\"ow-button-base ow-button-align-center\"\n>\n\t\t\t<a\n\t\t\t\t\thref=\"http:\/\/database-designs.ch\/filemaker-wp\/wp-content\/uploads\/2015\/03\/IW0517_Test_FM8.pdf\"\n\t\t\t\t\tclass=\"sowb-button ow-icon-placement-left ow-button-hover\" \t>\n\t\t<span>\n\t\t\t<span class=\"sow-icon-fontawesome sow-far\" data-sow-icon=\"&#xf1c1;\"\n\t\tstyle=\"\" \n\t\taria-hidden=\"true\"><\/span>\n\t\t\tFileMaker Pro\u00ae 8 Testbericht von Database Designs\/Alexis Gehrt\t\t<\/span>\n\t\t\t<\/a>\n\t<\/div>\n<\/div><\/div><\/div><div id=\"pgc-74-15-2\"  class=\"panel-grid-cell panel-grid-cell-empty\" ><\/div><\/div><\/div>","protected":false},"excerpt":{"rendered":"<p>Diese Juwelier Administrationsl\u00f6sung L\u00f6sung wurde speziell auf die Bed\u00fcrfnisse eines Schmuckproduktionsbetriebs bzw. deren Anforderungen an Schmuckkalkulation, Lagerwertbuchhaltung und Auftragswesen zugeschnitten, da eine normale St\u00fccklisten Verwaltung nicht zum Ziel f\u00fchrt. Zum Artikelstamm, der Nachkalkulation geh\u00f6ren alle Module einer Administrationsl\u00f6sung wie Auftrag, Rechnung (ESR), Kreditoren, Kassenbuchungen, Pendenzenverwaltung Produktion bis hin zur flexiblen Fremdw\u00e4hrungsverwaltung f\u00fcr Diamantk\u00e4ufe in Dollar. [&hellip;]<\/p>\n","protected":false},"author":1,"featured_media":0,"parent":0,"menu_order":0,"comment_status":"closed","ping_status":"closed","template":"templates\/template-full.php","meta":{"footnotes":""},"class_list":["post-74","page","type-page","status-publish","hentry"],"_links":{"self":[{"href":"https:\/\/www.database-designs.ch\/filemaker-wp\/wp-json\/wp\/v2\/pages\/74","targetHints":{"allow":["GET"]}}],"collection":[{"href":"https:\/\/www.database-designs.ch\/filemaker-wp\/wp-json\/wp\/v2\/pages"}],"about":[{"href":"https:\/\/www.database-designs.ch\/filemaker-wp\/wp-json\/wp\/v2\/types\/page"}],"author":[{"embeddable":true,"href":"https:\/\/www.database-designs.ch\/filemaker-wp\/wp-json\/wp\/v2\/users\/1"}],"replies":[{"embeddable":true,"href":"https:\/\/www.database-designs.ch\/filemaker-wp\/wp-json\/wp\/v2\/comments?post=74"}],"version-history":[{"count":48,"href":"https:\/\/www.database-designs.ch\/filemaker-wp\/wp-json\/wp\/v2\/pages\/74\/revisions"}],"predecessor-version":[{"id":1008,"href":"https:\/\/www.database-designs.ch\/filemaker-wp\/wp-json\/wp\/v2\/pages\/74\/revisions\/1008"}],"wp:attachment":[{"href":"https:\/\/www.database-designs.ch\/filemaker-wp\/wp-json\/wp\/v2\/media?parent=74"}],"curies":[{"name":"wp","href":"https:\/\/api.w.org\/{rel}","templated":true}]}}