{"id":8,"date":"2014-10-08T06:00:27","date_gmt":"2014-10-08T06:00:27","guid":{"rendered":"http:\/\/database-designs.ch\/filemaker-dbd\/?page_id=8"},"modified":"2024-07-18T14:47:26","modified_gmt":"2024-07-18T12:47:26","slug":"know-how","status":"publish","type":"page","link":"https:\/\/www.database-designs.ch\/filemaker-wp\/know-how\/","title":{"rendered":"Unser Know-How"},"content":{"rendered":"<div id=\"pl-8\"  class=\"panel-layout\" ><div id=\"pg-8-0\"  class=\"panel-grid panel-no-style\" ><div id=\"pgc-8-0-0\"  class=\"panel-grid-cell\" ><div id=\"panel-8-0-0-0\" class=\"so-panel widget widget_text panel-first-child panel-last-child\" data-index=\"0\" ><h3 class=\"widget-title\">FileMaker Pro\u00ae Programmierungen<\/h3>\t\t\t<div class=\"textwidget\"><p>Plattform \u00fcbergreifende Datenbank Erstellung f\u00fcr Einzelplatz Anwendungen oder Client-Server L\u00f6sungen im Netzwerk inkl. einfacher Integrationsm\u00f6glichkeit f\u00fcr \u00a0iOS Ger\u00e4te wie iPhone und iPad, sowie als Browser basierte Anwendung mit WebDirect\u2122.<\/p>\n<\/div>\n\t\t<\/div><\/div><\/div><div id=\"pg-8-1\"  class=\"panel-grid panel-no-style\" ><div id=\"pgc-8-1-0\"  class=\"panel-grid-cell\" ><div id=\"panel-8-1-0-0\" class=\"so-panel widget widget_text panel-first-child panel-last-child\" data-index=\"1\" ><h3 class=\"widget-title\">Swiss QR Rechnungsmodul<\/h3>\t\t\t<div class=\"textwidget\"><p>Seit September 2022 ist in der Schweiz die QR Rechnung Pflicht und ist f\u00fcr den Zahlungsverkehr vorgeschrieben. Wir bieten standardm\u00e4ssig ein anpassbares FileMaker Rechnungsmodul zum Verrechnen mit QR Code and und dem Debitorenabgleich mittels Bankdaten an. Dieses Modul kann\/muss jeweils an Ihre Bed\u00fcrfnisse angepasst werden und ist Bestandteil der meisten L\u00f6sungen. Es k\u00f6nnen auch Rechnungen\/Zahlungen f\u00fcr\/von mehreren Banken entgegen genommen werden.<\/p>\n<p>Je nach Kundenwunsch kann der Abgleich der Debitoren in FileMaker geschehen oder die Daten werden an eine FiBu Software per Schnittstelle \u00fcbermittelt. Werden die Debitoren in FileMaker abgeglichen, so muss die von der Bank angelieferte CAMT.054 Datei, welche die Zahlungsdaten enth\u00e4lt ausgewertet werden. (Diese wird im XML Format angeliefert)<\/p>\n<\/div>\n\t\t<\/div><\/div><div id=\"pgc-8-1-1\"  class=\"panel-grid-cell\" ><div id=\"panel-8-1-1-0\" class=\"so-panel widget widget_text panel-first-child panel-last-child\" data-index=\"2\" ><h3 class=\"widget-title\">pain.001 &#8211; Bezahlungs-Schnittstelle f\u00fcr FileMaker<\/h3>\t\t\t<div class=\"textwidget\"><p>&#171;pain&#187; steht f\u00fcr &#8218;Payment Initiation&#8216; und ist ein XML-basiertes Format nach ISO Norm. Zum Programmieren ans Englische angelehnt ebenfalls eine &#171;pain&#187; und bedarf einigem Know-How, was man wie wo einf\u00fcllen muss &#8211; oder eben nicht.<\/p>\n<p>Mit dem pain.001 Format k\u00f6nnen mehrere \u00dcberweisungsauftr\u00e4ge\/Zahlungen gleichzeitig an die Bank gesendet werden. Wenn Sie also in ihrer FileMaker L\u00f6sung Kreditoren Rechnungen selber erfassen\/einscannen wollen und noch keine FiBu Software einsetzen, dann k\u00f6nnen Sie mit unsrem Modul die entsprechenden Zahlungsdaten aufbereiten.<\/p>\n<p>Unser Modul verarbeitet QRR (Schweizer QR-Referenz inkl. Auslesen der Text Daten aus der QR-BarCode Grafik), das RF Format (RF ist ein ISO Standard &#8211; quasi die Europa Referenz Zeile), nat\u00fcrlich normale IBAN Zahlungen in der Schweiz mit und ohne Freitext, EU-Sepa Zahlungen mit Freitext und Sepa Zahlungen mit RF Referenz. Dies deckt die meisten Anwendungen ab. Aktuell noch nicht implementiert sind: Weltweite Zahlungen (nicht nach SEPA) und Bar-Checks. Hierf\u00fcr bestand bisher keine Nachfrage.<\/p>\n<p>Alle Debitoren und Kreditoren-Adressen werden auch schon auf Typ S umgestellt, da man ab November 2025 die Strasse und Strasse Nummer im Datenformat strikt trennen muss.. Hierf\u00fcr gibt es auch eine entsprechende Custom Function <a href=\"https:\/\/www.briandunning.com\/cf\/2713\">(www.briandunning.com<\/a>)<\/p>\n<p>Nat\u00fcrlich f\u00e4ngt das Modul die h\u00e4ufigsten Fehler ab: Fehlende Angaben, kontrolliert die Pr\u00fcfziffern bei QRR Referenzzeilen und RF Zahlungsreferenzen nach Modulo97, verifiziert die IBAN Pr\u00fcfziffer und bei QRR, dass es eine QR-IBAN Nummer ist.<\/p>\n<p>Je nach Kundenwunsch kann der Abgleich der Debitoren in FileMaker geschehen oder die Daten werden an eine FiBu Software per Schnittstelle \u00fcbermittelt. Werden die Debitoren in FileMaker abgeglichen, so muss die von der Bank angelieferte CAMT.054 Datei, welche die Zahlungsdaten enth\u00e4lt ausgewertet werden. (Diese wird im XML Format angeliefert)<\/p>\n<\/div>\n\t\t<\/div><\/div><div id=\"pgc-8-1-2\"  class=\"panel-grid-cell\" ><div id=\"panel-8-1-2-0\" class=\"so-panel widget widget_text panel-first-child panel-last-child\" data-index=\"3\" ><h3 class=\"widget-title\">REST WebService- und SOAP-Schnittstellen Integration in FileMaker<\/h3>\t\t\t<div class=\"textwidget\">F\u00fcr mehrere Kunden haben wir bereits die TomTom Business WebFleet Schnittstelle zum Flottenmanagement implementiert und schicken Auftragsdaten direkt ins das Fahrzeug (http:\/\/business.tomtom.com\/de_ch\/). Der Fahrer quittiert alsdann den Auftrag und das Navigationsger\u00e4t f\u00fchrt sicher zum Ziel, w\u00e4hrend die Zentrale st\u00e4ndig \u00fcber die Standorte der Fahrzeugflotte orientiert ist.\nIm Fall der SOS Aerzte Z\u00fcrich, welche eine sogenannte Institutszulassung haben, konnten wir die SOAP Schnittstelle zur online Abfrage der AHV-Nummer realisieren.<\/div>\n\t\t<\/div><\/div><\/div><div id=\"pg-8-2\"  class=\"panel-grid panel-no-style\" ><div id=\"pgc-8-2-0\"  class=\"panel-grid-cell\" ><div id=\"panel-8-2-0-0\" class=\"so-panel widget widget_text panel-first-child panel-last-child\" data-index=\"4\" ><h3 class=\"widget-title\">FileMaker Server Konzeption &#038; Realisierung<\/h3>\t\t\t<div class=\"textwidget\">F\u00fcr KMUs und ebenfalls sinnvoll im Einsatz in kleineren Arbeitsgruppen: Der FileMaker Server. Konfiguration, Cache Konfiguration und Optimierung. Im Laufe der Jahre hat sich der FileMaker Server enorm weiter entwickelt und bietet eine Vielfalt an Funktionen an, die \u00fcber das simple Datenbank-Hostin hinaus gehen. ODBC Zugriffe, XML-WebServices und schliesslich der Zugriff \u00fcber WebDirect, bei welchem der FileMaker Server eine eigene Middle-Ware zischen dem WebBrowser und den Datenbanken herstellt.<\/div>\n\t\t<\/div><\/div><div id=\"pgc-8-2-1\"  class=\"panel-grid-cell\" ><div id=\"panel-8-2-1-0\" class=\"so-panel widget widget_text panel-first-child panel-last-child\" data-index=\"5\" ><h3 class=\"widget-title\">ODBC\/SQL Anbindungen (z.B. MySQ, MS SQL oder Oracle Server)<\/h3>\t\t\t<div class=\"textwidget\"><p>MySQL Datenbanken sind vor allem im Bereich von dynamischen Webseiten zu finden. \u00dcber eine ODBC Verbidnung zu einem MySQL Server ist es dann m\u00f6glich direkt auf diese Daten zuzugreifen und z.B. einen Produktestamm zu aktualisieren oder Bestellungen ohne Umwege abzuholen. H\u00e4ufig ist eine ODBC Anbindung auch eine sehr kosteng\u00fcnstige L\u00f6sung f\u00fcr Unternehmen mit einer so genannten Standard Software wie SAP, JDEdwards etc. Durch die ODBC Anbindung ist es m\u00f6glich, Daten auf einfache Art und Weise zum Beispiel f\u00fcr Marketing Zwecke (siehe auch email, Fax) zu extrahieren und weiterzuverwenden.<\/p>\n<\/div>\n\t\t<\/div><\/div><div id=\"pgc-8-2-2\"  class=\"panel-grid-cell\" ><div id=\"panel-8-2-2-0\" class=\"so-panel widget widget_text panel-first-child panel-last-child\" data-index=\"6\" ><h3 class=\"widget-title\">Datenbank Sicherheit<\/h3>\t\t\t<div class=\"textwidget\"><p>Das Internet ist ein Haifisch-Becken, welches seit dem letzten \"Hack\" seinesgleichen sucht und doch kann man es sich nicht mehr weg denken. Zu bequem ist es ja auch, von Remote mal auf seine Daten zugreifen zu k\u00f6nnen.<\/p>\n<p>Die FileMaker Pro\u00ae Produkte Familie ist grunds\u00e4tzlich eine sichere Plattform f\u00fcr Ihre Gesch\u00e4fts-Daten. Doch es m\u00fcssen auch hier Vorkehrungen getroffen werden, damit Ihre Daten wirklich sicher sind. Seit Jahren besch\u00e4ftigen wir und mit Sicherheitskonzepten, DMZ-Server, VPN, SSL und den n\u00f6tigen Einstellungen f\u00fcr die Datenbanken und den FileMaker Server, so dass die n\u00f6tige Sicherheit f\u00fcr Ihre Daten gew\u00e4hrleistet ist.<\/p>\n<p>Anl\u00e4sslich der deutschsprachigen FileMaker\u00ae Konferenz 2015 in Hamburg (<a href=\"http:\/\/www.filemaker-konferenz.com\/downloads.php\">FMK Downloads<\/a>) hat Alexis Gehrt im Rahmen eines Vortrags diese Punkte f\u00fcr die FileMaker\u00ae Entwickler Gemeinde ausf\u00fchrlich zusammengefasst.<\/p>\n<\/div>\n\t\t<\/div><\/div><\/div><div id=\"pg-8-3\"  class=\"panel-grid panel-no-style\" ><div id=\"pgc-8-3-0\"  class=\"panel-grid-cell\" ><div id=\"panel-8-3-0-0\" class=\"so-panel widget widget_text panel-first-child panel-last-child\" data-index=\"7\" ><h3 class=\"widget-title\">Integration heterogener Netze Macintosh, Windows, iPhone &#038; iPad<\/h3>\t\t\t<div class=\"textwidget\">FileMaker Pro\u00ae unterst\u00fctzt das Standard TCP\/IP und kann sowohl von Macintosh als auch Windows Anwendern gleichzeitig im Server-Betrieb verwendet werden. So kann jede Abteilung auf der von ihr bevorzugten Plattform weiterarbeiten (Werbung: Macintosh, Administration: Windows, Aussendienst:  iPhone und iPad \u00fcber 3G, LTE oder WLAN). Selbstverst\u00e4ndlich ist auch der Einsatz auf Windows Terminal Server sowie in heterogenen Netzwerkumgebungen (Macintosh\/Windows) m\u00f6glich. Neu kann ab Version 14 mit WebDirect\u00ae auch ein Zugriff \u00fcber einen Webbrowser als sog. Web App geschehen.<\/div>\n\t\t<\/div><\/div><div id=\"pgc-8-3-1\"  class=\"panel-grid-cell\" ><div id=\"panel-8-3-1-0\" class=\"so-panel widget widget_text panel-first-child panel-last-child\" data-index=\"8\" ><h3 class=\"widget-title\">FileMaker Pro\u00ae &#8211; SAGE Sesam BeamNT \/ TAF Schnittstelle<\/h3>\t\t\t<div class=\"textwidget\"><p>Um Rechnungsdaten (OPs), Buchungen etc. an Sesam zu \u00fcbertragen, bieten wir die individuelle Programmierung einer Sesam Schnittstelle an. Im sog. TAF Format werden die Buchungsdaten f\u00fcr Sesam aufbereitet und \u00fcbermittelt. Die TAF Schnittstelle seitens Sesam hat den grossen Vorteil, dass die Daten plausibilisiert werden und keine ung\u00fcltigen Konti oder gar nicht ausgeglichene Buchungen \u00fcbermittelt werden k\u00f6nnen.<\/p>\n<p>Diese Schnittstelle ist im Rahmen der L\u00f6sung der P\u00e9clard AG entstanden und umfasst eine Vielzahl von Varianten der Buchungen bzw. Buchungsketten. Nachkalkulation der Schmuckproduktion (direkte Fibu-Lagerwertbuchungen. Debitoren inkl. direktem Ausgleich bei Barzahlung durch den Kunden. Kassenbuchungen, komplette Kreditoren Vorerfassung inkl. ESR Leseger\u00e4t. Debitoren und Kreditoren inkl. Fremdw\u00e4hrungen. Weitere Kunden, welche Sesam mit der Schnittstelle im Einsatz haben: Juventus Schulen Z\u00fcrich (bis zur Abl\u00f6sung durch die Kantonssoftware Evento), Marinox AG, Helog AG<\/p>\n<\/div>\n\t\t<\/div><\/div><\/div><div id=\"pg-8-4\"  class=\"panel-grid panel-no-style\" ><div id=\"pgc-8-4-0\"  class=\"panel-grid-cell\" ><div id=\"panel-8-4-0-0\" class=\"so-panel widget widget_text panel-first-child panel-last-child\" data-index=\"9\" ><h3 class=\"widget-title\">Beratung<\/h3>\t\t\t<div class=\"textwidget\">Vor allem durch die Projekte bei der SWIP Handels AG\/ALSO ABC zur Einf\u00fchrung von JDEdwards OneWorld\u2122 und durch die T\u00e4tigkeit beim Portable Shop Schweiz \/ FUST Digital Home haben wir ein sehr weitreichendes Know-How in Bereich EDV\/Warenwirtschaft und Logistik und k\u00f6nnen hier in der Projektleitung Hilfestellung bieten.\n<\/div>\n\t\t<\/div><\/div><\/div><\/div>","protected":false},"excerpt":{"rendered":"<p>Plattform \u00fcbergreifende Datenbank Erstellung f\u00fcr Einzelplatz Anwendungen oder Client-Server L\u00f6sungen im Netzwerk inkl. einfacher Integrationsm\u00f6glichkeit f\u00fcr \u00a0iOS Ger\u00e4te wie iPhone und iPad, sowie als Browser basierte Anwendung mit WebDirect\u2122. Seit September 2022 ist in der Schweiz die QR Rechnung Pflicht und ist f\u00fcr den Zahlungsverkehr vorgeschrieben. Wir bieten standardm\u00e4ssig ein anpassbares FileMaker Rechnungsmodul zum Verrechnen [&hellip;]<\/p>\n","protected":false},"author":1,"featured_media":0,"parent":0,"menu_order":0,"comment_status":"closed","ping_status":"closed","template":"templates\/template-full.php","meta":{"footnotes":""},"class_list":["post-8","page","type-page","status-publish","hentry"],"_links":{"self":[{"href":"https:\/\/www.database-designs.ch\/filemaker-wp\/wp-json\/wp\/v2\/pages\/8","targetHints":{"allow":["GET"]}}],"collection":[{"href":"https:\/\/www.database-designs.ch\/filemaker-wp\/wp-json\/wp\/v2\/pages"}],"about":[{"href":"https:\/\/www.database-designs.ch\/filemaker-wp\/wp-json\/wp\/v2\/types\/page"}],"author":[{"embeddable":true,"href":"https:\/\/www.database-designs.ch\/filemaker-wp\/wp-json\/wp\/v2\/users\/1"}],"replies":[{"embeddable":true,"href":"https:\/\/www.database-designs.ch\/filemaker-wp\/wp-json\/wp\/v2\/comments?post=8"}],"version-history":[{"count":49,"href":"https:\/\/www.database-designs.ch\/filemaker-wp\/wp-json\/wp\/v2\/pages\/8\/revisions"}],"predecessor-version":[{"id":1142,"href":"https:\/\/www.database-designs.ch\/filemaker-wp\/wp-json\/wp\/v2\/pages\/8\/revisions\/1142"}],"wp:attachment":[{"href":"https:\/\/www.database-designs.ch\/filemaker-wp\/wp-json\/wp\/v2\/media?parent=8"}],"curies":[{"name":"wp","href":"https:\/\/api.w.org\/{rel}","templated":true}]}}